{"id":1735,"date":"2018-12-20T15:06:21","date_gmt":"2018-12-20T21:06:21","guid":{"rendered":"http:\/\/xincon.visule.net\/?page_id=1735"},"modified":"2020-08-13T11:18:35","modified_gmt":"2020-08-13T16:18:35","slug":"acerca-de-xincon","status":"publish","type":"page","link":"https:\/\/xinconcare.com\/es\/acerca-de-xincon\/","title":{"rendered":"Acerca de Xincon"},"content":{"rendered":"\n\t\t\t\t<img loading=\"lazy\" decoding=\"async\" src=\"https:\/\/www.xinconcare.com\/wp-content\/uploads\/2020\/08\/1600-hero-patient-caregiver-gallery-2020.jpg\" alt=\"Xincon Patient Caregiver Gallery\" itemprop=\"image\" height=\"420\" width=\"1600\" title=\"1600-hero-patient-caregiver-gallery-2020\" onerror=\"this.style.display='none'\"  \/>\n\t<h1>Acerca de Xincon<\/h1>\n\t<a href=\"https:\/\/www.xinconcare.com\/es\/enroll\/\" rel=\"noopener\">Aplique Hoy <\/a>\n\t<p>Xincon Home Health Care Services, Inc., fundada en 2006, es una Agencia de Servicios de Atenci\u00f3n a Domicilio autorizada por el estado de Nueva York que atiende a residentes del \u00c1rea Metropolitana de la ciudad de Nueva York. El equipo de Xincon est\u00e1 comprometido a brindar servicios excepcionales de atenci\u00f3n personal y atenci\u00f3n de la salud a domicilio para usted y su familia, en la comodidad de su propio hogar. Xincon Home Health Care Services, Inc. es una Agencia de Servicios de Atenci\u00f3n a Domicilio (LHCSA) del estado de Nueva York. Nuestro personal multiling\u00fce brinda servicios en ingl\u00e9s, espa\u00f1ol, mandar\u00edn, canton\u00e9s, foochown\u00e9s, shanghain\u00e9s y otras lenguas y dialectos diversos.<\/p>\n<h3>\u00bfPor qu\u00e9 elegir a Xincon?<\/h3>\n<p>Tratamos a nuestros pacientes de la manera en que nos gustar\u00eda que trataran a nuestros propios familiares y somos conscientes de que no hay una \u00fanica soluci\u00f3n que funcione para todas las familias. Si usted elige a Xincon, personalizaremos un programa de acuerdo con sus necesidades exclusivas o las de su ser amado. Algunos clientes necesitan asistencia diaria con actividades de cuidado personal como cocinar, vestirse, ba\u00f1arse o tareas similares. Otros podr\u00e1n necesitar ayuda para administrar sus medicamentos, controlar su salud o una enfermedad cr\u00f3nica, como diabetes, asma o enfermedad cardiovascular. En Xincon, se eval\u00faa la situaci\u00f3n individual de cada cliente para crear un plan seguro y s\u00f3lido que tome en cuenta la asistencia m\u00e9dica, psicol\u00f3gica y emocional, y nuestras enfermeras y asistentes est\u00e1n disponibles para usted o su ser querido 24 horas\/d\u00eda, 7 d\u00edas por semana.<\/p>\n<p>Nuestros servicios se basan en los principios de honestidad, empat\u00eda e integridad. Con ese fin, nos aseguramos de que todos nuestros proveedores de servicios cumplan con los est\u00e1ndares m\u00e1s exigentes. Antes de que un proveedor de atenci\u00f3n de la salud a domicilio interact\u00fae con un paciente nos aseguramos de que:<\/p>\n<ul>\n<li>Todas las licencias y referencias profesionales se encuentren validadas<\/li>\n<li>Se realicen verificaciones de antecedentes completas<\/li>\n<li>Todos los empleados participen de capacitaciones trimestrales<\/li>\n<li>Los empleados reciban capacitaci\u00f3n especial para cuidar de pacientes con demencia por Alzheimer y otras afecciones mentales.<\/li>\n<li>Todos los proveedores de servicios sean supervisados por nuestras propias enfermeras registradas.<\/li>\n<\/ul>\n","protected":false},"excerpt":{"rendered":"<p>Acerca de Xincon Aplique Hoy Xincon Home Health Care Services, Inc., fundada en 2006, es una Agencia de Servicios de Atenci\u00f3n a Domicilio autorizada por el estado de Nueva York que atiende a residentes del \u00c1rea Metropolitana de la ciudad de Nueva York. El equipo de Xincon est\u00e1 comprometido a brindar servicios excepcionales de atenci\u00f3n [&hellip;]<\/p>\n","protected":false},"author":3,"featured_media":0,"parent":0,"menu_order":100,"comment_status":"closed","ping_status":"closed","template":"","meta":{"_genesis_hide_title":false,"_genesis_hide_breadcrumbs":false,"_genesis_hide_singular_image":false,"_genesis_hide_footer_widgets":false,"_genesis_custom_body_class":"","_genesis_custom_post_class":"","_genesis_layout":"","footnotes":""},"class_list":{"0":"post-1735","1":"page","2":"type-page","3":"status-publish","5":"entry","6":"has-post-thumbnail"},"_links":{"self":[{"href":"https:\/\/xinconcare.com\/es\/wp-json\/wp\/v2\/pages\/1735\/"}],"collection":[{"href":"https:\/\/xinconcare.com\/es\/wp-json\/wp\/v2\/pages\/"}],"about":[{"href":"https:\/\/xinconcare.com\/es\/wp-json\/wp\/v2\/types\/page\/"}],"author":[{"embeddable":true,"href":"https:\/\/xinconcare.com\/es\/wp-json\/wp\/v2\/users\/3\/"}],"replies":[{"embeddable":true,"href":"https:\/\/xinconcare.com\/es\/wp-json\/wp\/v2\/comments\/?post=1735"}],"version-history":[{"count":9,"href":"https:\/\/xinconcare.com\/es\/wp-json\/wp\/v2\/pages\/1735\/revisions\/"}],"predecessor-version":[{"id":4737,"href":"https:\/\/xinconcare.com\/es\/wp-json\/wp\/v2\/pages\/1735\/revisions\/4737\/"}],"wp:attachment":[{"href":"https:\/\/xinconcare.com\/es\/wp-json\/wp\/v2\/media\/?parent=1735"}],"curies":[{"name":"wp","href":"https:\/\/api.w.org\/{rel}","templated":true}]}}