{"id":1742,"date":"2018-12-20T15:32:32","date_gmt":"2018-12-20T21:32:32","guid":{"rendered":"http:\/\/xincon.visule.net\/?page_id=1742"},"modified":"2019-01-24T17:30:00","modified_gmt":"2019-01-24T23:30:00","slug":"preguntas-frecuentes","status":"publish","type":"page","link":"https:\/\/xinconcare.com\/es\/preguntas-frecuentes\/","title":{"rendered":"Preguntas frecuentes"},"content":{"rendered":"\n\t\t\t\t<img loading=\"lazy\" decoding=\"async\" src=\"https:\/\/www.xinconcare.com\/wp-content\/uploads\/2019\/01\/1600-hero-faqs.jpg\" alt=\"1600-hero-faqs\" itemprop=\"image\" height=\"420\" width=\"1600\" title=\"1600-hero-faqs\" onerror=\"this.style.display='none'\"  \/>\n\t<h1>Preguntas frecuentes<\/h1>\n\t<h2>P: \u00bfQu\u00e9 sucede si no tengo beneficios de Medicaid o Medicare?<\/h2>\n<p><strong>R:<\/strong> R: Usted debe cumplir determinados criterios para recibir beneficios de Medicaid y Medicare. Tenemos especialistas en Medicaid y Medicare que le ayudar\u00e1n a calificar para los beneficios.<\/p>\n<hr \/>\n<h2>P: \u00bfQu\u00e9 \u00e1reas cubren con sus servicios?<\/h2>\n<p><strong>R:<\/strong> Prestamos servicios en Bronx, Brooklyn, Manhattan, Queens, Staten Island y Westchester, Nassau.<\/p>\n<hr \/>\n<h2>P: \u00bfPor d\u00f3nde comienzo?<\/h2>\n<p><strong>R:<\/strong> Llame al (212) 560-9218 para hablar con el departamento de Marketing, y nuestros asesores profesionales le ayudar\u00e1n a aplicar y recibir servicios para los que califique.<\/p>\n<hr \/>\n<h2>P: \u00bfQu\u00e9 debo hacer si deseo cambiar mi servicio actual por el de su agencia?<\/h2>\n<p><strong>R:<\/strong> Por favor, llame de inmediato a nuestros representantes de servicio al cliente. Ellos le informar\u00e1n qu\u00e9 hacer y le ayudar\u00e1n durante todo el proceso para prevenir cualquier interrupci\u00f3n en su servicio.<\/p>\n<hr \/>\n<h2>P: \u00bfC\u00f3mo se paga por los servicios?<\/h2>\n<p><strong>R:<\/strong> Nuestros asesores de servicio al cliente tienen vastos conocimientos y experiencia para ayudarle a descubrir las mejores opciones de pago. Trabajamos con varios seguros y otras agencias de la ciudad para brindar servicios de atenci\u00f3n domiciliaria a trav\u00e9s de sus beneficios Medicaid y Medicare. Tambi\u00e9n aceptamos p\u00f3lizas de seguro a largo plazo, seguro sin culpa y pagos particulares. Tambi\u00e9n se puede arreglar un plan de pago flexible. Por favor, contacte a nuestros representantes de servicio al cliente de inmediato al (212) 560-9218.<\/p>\n<hr \/>\n<h2>P: \u00bfQu\u00e9 ofrecemos?<\/h2>\n<p><strong>R:<\/strong> Enfermeras registradas, enfermeras con licencia, asistentes para servicios de atenci\u00f3n de la salud en el hogar (HHA), asistentes para atenci\u00f3n personal (PCA), empleadas domesticas, fisioterapeutas, terapeutas ocupacionales, terapeutas del habla y lenguaje, trabajadores sociales m\u00e9dicos.<\/p>\n<hr \/>\n<h2>P: \u00bfPara qu\u00e9 beneficio del estado soy elegible?<\/h2>\n<p><strong>R:<\/strong> Podemos dar informaci\u00f3n a nuestros miembros con respecto a qu\u00e9 programa del estado pueden resultar elegibles. Podemos ayudar a nuestros miembros a guiarlos en el sitio de internet ACCESS NYC para hallar el programa que pueden resultar elegibles.<\/p>\n<hr \/>\n<h2>P: \u00bfQu\u00e9 puede hacer por m\u00ed el programa CDPAP (Programa de Asistencia Personal Dirigida por el Consumidor)?<\/h2>\n<p><strong>R:<\/strong> El CDPAP favorece su independencia y libertad permiti\u00e9ndole contratar al cuidador que usted elija. El cuidador puede ser un familiar, amigo o vecino, permiti\u00e9ndole disfrutar del confort y la tranquilidad que le da el saber que est\u00e1 en manos de alguien de confianza. El CDPAP tambi\u00e9n implica horarios flexibles que se adaptan a sus necesidades y una estructura de n\u00f3mina semanal formal para sus cuidadores.<\/p>\n<hr \/>\n<h2>P: \u00bfQu\u00e9 tipo de servicios se incluyen en el CDPAP?<\/h2>\n<p><strong>R:<\/strong> El cuidador del CDPAP puede brindarle los mismos servicios que un asistente de atenci\u00f3n personal (PCA), asistente de servicios de salud en el hogar (HHA) y enfermera.<\/p>\n<hr \/>\n<h2>P: \u00bfC\u00f3mo puedo saber si yo o un ser querido calificamos para el programa?<\/h2>\n<p><strong>R:<\/strong> Para calificar para el programa CDPAP, usted debe ser elegible para servicios del Estado de Nueva York. Tambi\u00e9n deber\u00e1 contar con una Orden M\u00e9dica y un representante designado para dirigir su atenci\u00f3n. Si no est\u00e1 seguro\/a de ser elegible, cont\u00e1ctese con Xincon llamando al 212-560-9218 o en l\u00ednea.<\/p>\n<hr \/>\n<h2>P: \u00bfQui\u00e9n puede brindar atenci\u00f3n bajo el programa CDPAP?<\/h2>\n<p><strong>R:<\/strong> Las \u00fanicas personas que no califican para brindar atenci\u00f3n bajo el programa CDPAP son sus padres, c\u00f3nyuge o su representante cuidador designado pre-existente. Cualquier otro familiar o amigo puede ser su asistente personal.<\/p>\n<hr \/>\n<h2>P: \u00bfCu\u00e1les son los requisitos para convertirse en un asistente personal del CDPAP?<\/h2>\n<p><strong>R:<\/strong> Solo se requieren dos requisitos para convertirse en un asistente personal en el programa CDPAP.<\/p>\n<ul>\n<li>La persona debe tener autorizaci\u00f3n para trabajar en EE.UU.<\/li>\n<li>La persona debe cumplir con los est\u00e1ndares de salud obligatorios del Estado<\/li>\n<\/ul>\n<p>Tenga en cuenta que NO se requiere un certificado de HHA\/PCA para brindar atenci\u00f3n bajo el programa CDPAP.<\/p>\n<hr \/>\n<h2>P: \u00bfCu\u00e1l es la funci\u00f3n de Xincon como Intermediario Fiscal (IF) al contratar a alguien a trav\u00e9s del programa CDPAP?<\/h2>\n<p><strong>R:<\/strong> Bajo las regulaciones de Medicaid del Estado, el reembolso para la atenci\u00f3n dirigida por el consumidor deber\u00e1 disponerse a trav\u00e9s de un intermediario fiscal (IF) reconocido. La funci\u00f3n principal del IF es procesar los salarios, impuestos, beneficios, requisitos del seguro de responsabilidad, etc. del asistente personal. El IF tambi\u00e9n est\u00e1 a cargo de llevar registros, las comunicaciones y la educaci\u00f3n del consumidor.<\/p>\n","protected":false},"excerpt":{"rendered":"<p>Preguntas frecuentes P: \u00bfQu\u00e9 sucede si no tengo beneficios de Medicaid o Medicare? R: R: Usted debe cumplir determinados criterios para recibir beneficios de Medicaid y Medicare. Tenemos especialistas en Medicaid y Medicare que le ayudar\u00e1n a calificar para los beneficios. P: \u00bfQu\u00e9 \u00e1reas cubren con sus servicios? R: Prestamos servicios en Bronx, Brooklyn, Manhattan, [&hellip;]<\/p>\n","protected":false},"author":3,"featured_media":0,"parent":0,"menu_order":400,"comment_status":"closed","ping_status":"closed","template":"","meta":{"_genesis_hide_title":false,"_genesis_hide_breadcrumbs":false,"_genesis_hide_singular_image":false,"_genesis_hide_footer_widgets":false,"_genesis_custom_body_class":"","_genesis_custom_post_class":"","_genesis_layout":"","footnotes":""},"class_list":{"0":"post-1742","1":"page","2":"type-page","3":"status-publish","5":"entry","6":"has-post-thumbnail"},"_links":{"self":[{"href":"https:\/\/xinconcare.com\/es\/wp-json\/wp\/v2\/pages\/1742\/"}],"collection":[{"href":"https:\/\/xinconcare.com\/es\/wp-json\/wp\/v2\/pages\/"}],"about":[{"href":"https:\/\/xinconcare.com\/es\/wp-json\/wp\/v2\/types\/page\/"}],"author":[{"embeddable":true,"href":"https:\/\/xinconcare.com\/es\/wp-json\/wp\/v2\/users\/3\/"}],"replies":[{"embeddable":true,"href":"https:\/\/xinconcare.com\/es\/wp-json\/wp\/v2\/comments\/?post=1742"}],"version-history":[{"count":7,"href":"https:\/\/xinconcare.com\/es\/wp-json\/wp\/v2\/pages\/1742\/revisions\/"}],"predecessor-version":[{"id":2630,"href":"https:\/\/xinconcare.com\/es\/wp-json\/wp\/v2\/pages\/1742\/revisions\/2630\/"}],"wp:attachment":[{"href":"https:\/\/xinconcare.com\/es\/wp-json\/wp\/v2\/media\/?parent=1742"}],"curies":[{"name":"wp","href":"https:\/\/api.w.org\/{rel}","templated":true}]}}