{"id":1784,"date":"2018-11-09T11:17:14","date_gmt":"2018-11-09T17:17:14","guid":{"rendered":"http:\/\/xincon.visule.net\/why-work-at-xincon\/"},"modified":"2020-08-11T17:03:14","modified_gmt":"2020-08-11T22:03:14","slug":"por-que-trabajar-en-xincon","status":"publish","type":"page","link":"https:\/\/xinconcare.com\/es\/por-que-trabajar-en-xincon\/","title":{"rendered":"\u00bfPor qu\u00e9 trabajar en Xincon?"},"content":{"rendered":"\n\t\t\t\t<img decoding=\"async\" src=\"https:\/\/www.xinconcare.com\/wp-content\/uploads\/2019\/01\/1600-hero-why-work-at-xincon.jpg\" alt=\"Xincon Home Health Care Services\" itemprop=\"image\" title=\"1600-hero-why-work-at-xincon\" onerror=\"this.style.display='none'\"  \/>\n\t<h1>\u00bfPor qu\u00e9 trabajar en Xincon?<\/h1>\n\t<p>Xincon es un lugar de trabajo desafiante y gratificante. Nuestro \u00e9xito se basa exclusivamente en el arduo trabajo de nuestro equipo, y su compromiso de brindar un servicio excepcional a sus clientes a diario. Por lo tanto, ofrecemos a nuestros empleados una variedad de oportunidades de crecimiento profesional, reconocemos y recompensamos al personal que logra excelentes resultados orientados al cliente. Xincon ofrece paga competitiva y excelentes beneficios, junto con un ambiente laboral positivo construido sobre la base del respeto mutuo y el profesionalismo. Le invitamos a iniciar, o hacer crecer, una profesi\u00f3n en Xincon y a ser parte del futuro \u00e9xitoso de nuestra compa\u00f1\u00eda.<\/p>\n<h3>Los beneficios de trabajar en Xincon incluyen:<\/h3>\n<ul>\n<li>Cobertura de plan de salud (incluye: prescripciones, cobertura oftalmol\u00f3gica, odontol\u00f3gica)<\/li>\n<li>Cuentas de Gastos Flexibles para atenci\u00f3n de la salud y atenci\u00f3n de dependientes<\/li>\n<li>Licencia remunerada para vacaciones, licencia por enfermedad y d\u00edas feriados reconocidos por la compa\u00f1\u00eda<\/li>\n<li>Programas de formaci\u00f3n profesional y laboral<\/li>\n<li>Programa de bienestar<\/li>\n<li>Programa de referencias del empleado<\/li>\n<\/ul>\n","protected":false},"excerpt":{"rendered":"<p>\u00bfPor qu\u00e9 trabajar en Xincon? Xincon es un lugar de trabajo desafiante y gratificante. Nuestro \u00e9xito se basa exclusivamente en el arduo trabajo de nuestro equipo, y su compromiso de brindar un servicio excepcional a sus clientes a diario. Por lo tanto, ofrecemos a nuestros empleados una variedad de oportunidades de crecimiento profesional, reconocemos y [&hellip;]<\/p>\n","protected":false},"author":3,"featured_media":0,"parent":0,"menu_order":310,"comment_status":"closed","ping_status":"closed","template":"","meta":{"_genesis_hide_title":false,"_genesis_hide_breadcrumbs":false,"_genesis_hide_singular_image":false,"_genesis_hide_footer_widgets":false,"_genesis_custom_body_class":"","_genesis_custom_post_class":"","_genesis_layout":"","footnotes":""},"class_list":{"0":"post-1784","1":"page","2":"type-page","3":"status-publish","5":"entry","6":"has-post-thumbnail"},"_links":{"self":[{"href":"https:\/\/xinconcare.com\/es\/wp-json\/wp\/v2\/pages\/1784\/"}],"collection":[{"href":"https:\/\/xinconcare.com\/es\/wp-json\/wp\/v2\/pages\/"}],"about":[{"href":"https:\/\/xinconcare.com\/es\/wp-json\/wp\/v2\/types\/page\/"}],"author":[{"embeddable":true,"href":"https:\/\/xinconcare.com\/es\/wp-json\/wp\/v2\/users\/3\/"}],"replies":[{"embeddable":true,"href":"https:\/\/xinconcare.com\/es\/wp-json\/wp\/v2\/comments\/?post=1784"}],"version-history":[{"count":5,"href":"https:\/\/xinconcare.com\/es\/wp-json\/wp\/v2\/pages\/1784\/revisions\/"}],"predecessor-version":[{"id":4711,"href":"https:\/\/xinconcare.com\/es\/wp-json\/wp\/v2\/pages\/1784\/revisions\/4711\/"}],"wp:attachment":[{"href":"https:\/\/xinconcare.com\/es\/wp-json\/wp\/v2\/media\/?parent=1784"}],"curies":[{"name":"wp","href":"https:\/\/api.w.org\/{rel}","templated":true}]}}