{"id":1789,"date":"2018-11-09T11:17:29","date_gmt":"2018-11-09T17:17:29","guid":{"rendered":"http:\/\/xincon.visule.net\/job-openings\/"},"modified":"2022-10-28T14:50:07","modified_gmt":"2022-10-28T18:50:07","slug":"empleos-vacantes","status":"publish","type":"page","link":"https:\/\/xinconcare.com\/es\/empleos-vacantes\/","title":{"rendered":"Empleos Vacantes"},"content":{"rendered":"\n\n\t\t\t\t<img loading=\"lazy\" decoding=\"async\" src=\"https:\/\/www.xinconcare.com\/wp-content\/uploads\/2019\/01\/1600-hero-job-openings.jpg\" alt=\"Xincon Home Health Care Services Job Openings\" itemprop=\"image\" height=\"420\" width=\"1600\" title=\"1600-hero-job-openings\" onerror=\"this.style.display='none'\"  \/>\n\t<h1>Apertura de Trabajo<\/h1>\n\t\t\t<a href=\"#\" id=\"fl-accordion--label-0\" tabindex=\"0\" aria-controls=\"fl-accordion--panel-0\">Enfermera Comunitaria de PT<\/a>\n\t\t\t\t\t\t\t<a href=\"#\" id=\"fl-accordion--icon-0\" tabindex=\"0\" aria-controls=\"fl-accordion--panel-0\"><i>Expand<\/i><\/a>\n\t\t<p>Descripci\u00f3n del trabajo<\/p>\n<p>La enfermera comunitaria proporcionar\u00e1 apoyo, educaci\u00f3n y asesoramiento a los residentes, con el objetivo general de apoyar su independencia. Se comunicar\u00e1n con frecuencia con los trabajadores sociales del programa en torno a las necesidades de residentes espec\u00edficos, a fin de garantizar que los clientes utilicen sus fortalezas y reciban el apoyo adecuado. Ayudar\u00e1n a planificar programas de salud y bienestar.<\/p>\n<p>La enfermera comunitaria proporcionar\u00e1 servicios a los programas Big Six Towers, Fresh Meadows, Northridge \/ Brulene \/ Southridge y Queensview \/ North Queensview NORC de forma rotativa. La enfermera estar\u00e1 en cada sitio un d\u00eda por semana de lunes a jueves de 9 am a 5 pm y alternar\u00e1 los viernes entre los cuatro programas NORC.<\/p>\n<p><strong>Responsabilidades laborales:<\/strong><\/p>\n\u2022 Eval\u00faa y reeval\u00faa regularmente las necesidades del cliente para ayudarlo a comprender su plan de atenci\u00f3n.<br \/>\n\u2022 Desarrollar un plan con el cliente y \/ o sus familiares para abordar condiciones espec\u00edficas;<br \/>\n\u2022 Trabajar con el cliente para facilitar la coordinaci\u00f3n de los servicios con m\u00e9dicos, farmac\u00e9uticos y otros;<br \/>\n\u2022 Ense\u00f1a, supervisa y asesora al paciente y su familia sobre c\u00f3mo manejar enfermedades cr\u00f3nicas espec\u00edficas seg\u00fan sea apropiado para la condici\u00f3n del cliente<br \/>\n\u2022 Educa a los clientes sobre sus medicamentos.<br \/>\n\u2022 Proporciona monitoreo de la presi\u00f3n arterial en el sitio y la facilitaci\u00f3n de otros ex\u00e1menes de detecci\u00f3n y vacunas.<br \/>\n\u2022 Abogar en nombre del cliente con otras partes de atenci\u00f3n m\u00e9dica<br \/>\n\u2022 Promover programas de salud y bienestar y realizar actividades de divulgaci\u00f3n para personas mayores.<br \/>\n\u2022 Explorar recursos comunitarios de salud y bienestar y construir v\u00ednculos<br \/>\n\u2022 Coordinar iniciativas de salud y bienestar.<br \/>\n\u2022 Documentar las interacciones con los clientes e iniciar sesi\u00f3n en las unidades de servicio en la base de datos STARS del Departamento para el Envejecimiento.<br \/>\n\u2022 Cumplir con los requisitos de los programas NORC para las unidades de administraci\u00f3n de atenci\u00f3n m\u00e9dica y asistencia de atenci\u00f3n m\u00e9dica seg\u00fan lo definen los financiadores de los programas.<br \/>\n\u2022 Realizar otras tareas seg\u00fan sea necesario o asignado.\n<strong>Hora de trabajo:<\/strong><br \/>\nMartes 9 am-1pm y jueves 9 am-5pm\n<strong>Ubicaci\u00f3n:<\/strong><br \/>\n33-34 Crescent Street, Long Island City, NY 11106\n<p><strong>Tipo de trabajo:<\/strong> Tiempo parcial<\/p>\n\t\t\t<a href=\"#\" id=\"fl-accordion--label-1\" tabindex=\"0\" aria-controls=\"fl-accordion--panel-1\"> Enfermera registrada<\/a>\n\t\t\t\t\t\t\t<a href=\"#\" id=\"fl-accordion--icon-1\" tabindex=\"0\" aria-controls=\"fl-accordion--panel-1\"><i>Expand<\/i><\/a>\n\t\t<h4>Descripci\u00f3n del trabajo<\/h4>\n<p>Actualmente, Xincon Home Health Care Services Inc. est\u00e1 contratando puestos de enfermer\u00eda especializada en el cuidado de la salud a domicilio que puedan trabajar por d\u00eda. Los casos est\u00e1n disponibles en los 5 condados, Long Island y Staten Island. Nuestra enfermera ideal es responsable de administrar la atenci\u00f3n de enfermer\u00eda a los pacientes en sus hogares. Nuestras enfermeras deben evaluar las necesidades de salud del paciente, lo que incluye evaluaciones completas de la cabeza a los pies, clasificaci\u00f3n del dolor y un plan de cuidados para garantizar que se cumplan sus objetivos de salud. El objetivo principal de la enfermera especializada en salud en el hogar es seguir las \u00f3rdenes del m\u00e9dico con la intenci\u00f3n de lograr un resultado m\u00e9dicamente deseado.<\/p>\n<p><strong>Las responsabilidades clave incluyen:<\/strong><\/p>\n\u2022 Eval\u00faa el entorno de salud del paciente y del hogar para garantizar que las Precauciones de seguridad est\u00e1ndar universales sean valoradas<br \/>\n\u2022 Sirve como defensor de nuestros clientes y mantiene una comunicaci\u00f3n continua con los m\u00e9dicos, las fuentes de referencia, los cuidadores y la administraci\u00f3n de las instalaciones para facilitar la coordinaci\u00f3n de la atenci\u00f3n<br \/>\n\u2022 Proporciona supervisi\u00f3n directa de los miembros del equipo de atenci\u00f3n cl\u00ednica de enfermer\u00eda; LPN&#8217;s \/ HHA&#8217;s \/ PCA&#8217;s<br \/>\n\u2022 Implementar el plan de atenci\u00f3n del paciente para LPN \/ HHA \/ PCA<br \/>\n\u2022 Completar evaluaciones iniciales, formularios de re-visita y \/ o pedidos m\u00e9dicos\n<p><strong>Calificaciones:<\/strong><\/p>\n\u2022 Certificaci\u00f3n de enfermera registrada con licencia del estado de Nueva York<br \/>\n\u2022 Grado AAS o BSN<br \/>\n\u2022 Forma v\u00e1lida de identificaci\u00f3n del Estado de Nueva York.<br \/>\n\u2022 Conocimientos inform\u00e1ticos obligatorios \u2022 Excelentes habilidades de comunicaci\u00f3n verbal y escrita\n\t\t\t<a href=\"#\" id=\"fl-accordion--label-2\" tabindex=\"0\" aria-controls=\"fl-accordion--panel-2\"> Enfermera Registrada UAS &#8211; por d\u00eda <\/a>\n\t\t\t\t\t\t\t<a href=\"#\" id=\"fl-accordion--icon-2\" tabindex=\"0\" aria-controls=\"fl-accordion--panel-2\"><i>Expand<\/i><\/a>\n\t\t<h4>Descripci\u00f3n del trabajo<\/h4>\n<p>Xincon Home Health Care Services Inc. est\u00e1 contratando actualmente puestos de enfermeras registradas en UAS por d\u00eda en los 5 condados de Nueva York y Long Island. Trabajamos con planes acreditados de atenci\u00f3n administrada a largo plazo en el estado de Nueva York para evaluar la elegibilidad de los consumidores. El puesto requiere que la enfermera realice visitas de evaluaci\u00f3n para los planes MLTC siguiendo los procedimientos y el protocolo est\u00e1ndar de UAS. Estamos buscando profesionales con una pasi\u00f3n por ayudar a las personas necesitadas, trabajamos de manera efectiva con el equipo de MLTC e insistimos en brindar atenci\u00f3n m\u00e9dica de calidad a los pacientes. \u00a1Estamos buscando que te unas a nuestro equipo! Las responsabilidades clave incluyen pero no se limitan a:<\/p>\n\u2022 Llevar a cabo la inscripci\u00f3n y la reevaluaci\u00f3n del consumidor para los miembros actuales y potenciales en sus hogares siguiendo la pol\u00edtica, los procedimientos y los protocolos estatales<br \/>\n\u2022 Realizar una evaluaci\u00f3n utilizando la herramienta UAS-NY \/ DOH<br \/>\n\u2022 Complete la inscripci\u00f3n requerida y los tr\u00e1mites de reevaluaci\u00f3n, herramienta de tareas para ayudar a determinar la elegibilidad para los servicios\n<p><strong>Calificaciones:<\/strong><\/p>\n\u2022 Enfermera registrada y licenciada o licenciatura en enfermer\u00eda del Estado de Nueva York<br \/>\n\u2022 Identificaci\u00f3n v\u00e1lida de NYS o licencia de conducir de NYS<br \/>\n\u2022 Habilidades inform\u00e1ticas demostradas y alfabetizadas<br \/>\n\u2022 Certificaci\u00f3n de CPR actual<br \/>\n\u2022 Excelentes habilidades de comunicaci\u00f3n verbal y escrita\n<p><strong>Tipo de trabajo:<\/strong> Tiempo parcial<\/p>\n\t<p><a href=\"https:\/\/www.jotform.com\/form\/222986794821067\">\u00a1Aplique hoy!<\/a><\/p>\n\n","protected":false},"excerpt":{"rendered":"<p>Apertura de Trabajo Enfermera Comunitaria de PT Expand Descripci\u00f3n del trabajo La enfermera comunitaria proporcionar\u00e1 apoyo, educaci\u00f3n y asesoramiento a los residentes, con el objetivo general de apoyar su independencia. Se comunicar\u00e1n con frecuencia con los trabajadores sociales del programa en torno a las necesidades de residentes espec\u00edficos, a fin de garantizar que los clientes [&hellip;]<\/p>\n","protected":false},"author":3,"featured_media":0,"parent":0,"menu_order":320,"comment_status":"closed","ping_status":"closed","template":"","meta":{"_genesis_hide_title":false,"_genesis_hide_breadcrumbs":false,"_genesis_hide_singular_image":false,"_genesis_hide_footer_widgets":false,"_genesis_custom_body_class":"","_genesis_custom_post_class":"","_genesis_layout":"","footnotes":""},"class_list":{"0":"post-1789","1":"page","2":"type-page","3":"status-publish","5":"entry","6":"has-post-thumbnail"},"_links":{"self":[{"href":"https:\/\/xinconcare.com\/es\/wp-json\/wp\/v2\/pages\/1789\/"}],"collection":[{"href":"https:\/\/xinconcare.com\/es\/wp-json\/wp\/v2\/pages\/"}],"about":[{"href":"https:\/\/xinconcare.com\/es\/wp-json\/wp\/v2\/types\/page\/"}],"author":[{"embeddable":true,"href":"https:\/\/xinconcare.com\/es\/wp-json\/wp\/v2\/users\/3\/"}],"replies":[{"embeddable":true,"href":"https:\/\/xinconcare.com\/es\/wp-json\/wp\/v2\/comments\/?post=1789"}],"version-history":[{"count":12,"href":"https:\/\/xinconcare.com\/es\/wp-json\/wp\/v2\/pages\/1789\/revisions\/"}],"predecessor-version":[{"id":5757,"href":"https:\/\/xinconcare.com\/es\/wp-json\/wp\/v2\/pages\/1789\/revisions\/5757\/"}],"wp:attachment":[{"href":"https:\/\/xinconcare.com\/es\/wp-json\/wp\/v2\/media\/?parent=1789"}],"curies":[{"name":"wp","href":"https:\/\/api.w.org\/{rel}","templated":true}]}}