{"id":1797,"date":"2018-11-13T16:42:39","date_gmt":"2018-11-13T22:42:39","guid":{"rendered":"http:\/\/xincon.visule.net\/home-health-aide\/"},"modified":"2020-08-11T17:00:29","modified_gmt":"2020-08-11T22:00:29","slug":"hha","status":"publish","type":"page","link":"https:\/\/xinconcare.com\/es\/hha\/","title":{"rendered":"Asistentes de Servicios de Salud a Domicilio (HHA)"},"content":{"rendered":"\n\t\t\t\t<img decoding=\"async\" src=\"https:\/\/www.xinconcare.com\/wp-content\/uploads\/2019\/01\/1600-hero-home-health-aide.jpg\" alt=\"HHA Home Health Aide - Xincon Home Health Care Services\" itemprop=\"image\" title=\"1600-hero-home-health-aide\" onerror=\"this.style.display='none'\"  \/>\n\t<h1>Asistentes de Servicios de Salud a Domicilio (HHA)<\/h1>\n\t<a href=\"https:\/\/www.xinconcare.com\/es\/enroll\/\" rel=\"noopener\">Aplique hoy <\/a>\n\t<h2>Atenci\u00f3n de la Salud a Domicilio<\/h2>\n<p>Los servicios de atenci\u00f3n de la salud a domicilio (HHA), son la columna vertebral de nuestro sistema de apoyo. Los clientes de Xincon incluyen ancianos, ni\u00f1os y personas con discapacidades, que necesitan servicios de atenci\u00f3n de salud en el hogar debido a una condici\u00f3n f\u00edsica o cognitiva debilitante, una enfermedad cr\u00f3nica y otras condiciones temporarias o de largo plazo. No existe una \u00fanica soluci\u00f3n para las necesidades de todos nuestros clientes; creemos que nuestra mayor fortaleza reside en nuestra flexibilidad para brindar un plan de atenci\u00f3n personalizado y reconfortante.Sobre todo, queremos que nuestros clientes elijan el nivel de apoyo que les brinde la calidad de vida, el nivel de independencia y el confort que m\u00e1s deseen <strong><em>en sus propios hogares<\/em><\/strong>. Algunos clientes requerir\u00e1n solo visitas ocasionales de un asistente; otros podr\u00e1n requerir apoyo las 24 horas.<\/p>\n<p>Aunque cada cliente es diferente, todos reciben la garant\u00eda de atenci\u00f3n continua de Xincon, incluso en la medida en que sus circunstancias y necesidades cambien a lo largo del tiempo. Si usted elige Xincon, un Asesor de Servicios al Cliente se mantendr\u00e1 en contacto regular con usted y\/o su(s) ser(es) querido(s) para garantizar que el nivel de atenci\u00f3n que le brindan sea el apropiado y excepcional.<\/p>\n<p>Nuestros servicios de HHA incluyen, de manera descriptiva pero no limitativa:<\/p>\n<ul>\n<li>Asistencia con programas de ejercicios en el hogar<\/li>\n<li>Asistencia con ba\u00f1o, aseo y\/o para vestirse<\/li>\n<li>Monitoreo de signos vitales y otras tareas relacionadas con la salud en el hogar<\/li>\n<li>Preparaci\u00f3n de alimentos para clientes con dietas especiales y ayuda con la alimentaci\u00f3n<\/li>\n<li>Traslado de clientes hacia y desde instituciones m\u00e9dicas<\/li>\n<li>Asistencia con la ambulaci\u00f3n<\/li>\n<li>Recordar a los clientes tomar medicamentos<\/li>\n<li>Conducir\/acompa\u00f1ar a los clientes a citas m\u00e9dicas<\/li>\n<li>Lavado de ropa y servicios de tareas del hogar livianas<\/li>\n<\/ul>\n<p>Las necesidades espec\u00edficas de cada cliente determinar\u00e1n si se requiere un PCA, un HHA o un enfermera (o combinaci\u00f3n de \u00e9stos).<\/p>\n<p>\u00bfQu\u00e9 nivel de servicio es el adecuado para usted o su(s) ser(es) querido(s)? <a href=\"https:\/\/www.xinconcare.com\/es\/contacto\/\"><strong>Cont\u00e1ctenos hoy<\/strong><\/a> y le ayudaremos a tomar una decisi\u00f3n final.<\/p>\n\t\n<table id=\"tablepress-2\" class=\"tablepress tablepress-id-2 tablepress-responsive tablepress-responsive-phone\">\n<thead>\n<tr class=\"row-1 odd\">\n\t<th class=\"column-1\">Servicio<\/th><th class=\"column-2\">Proveedor PCA<\/th><th class=\"column-3\">Proveedor HHA<\/th><th class=\"column-4\">Proveedor LPN, RN<\/th>\n<\/tr>\n<\/thead>\n<tbody class=\"row-hover\">\n<tr class=\"row-2 even\">\n\t<td class=\"column-1\">Asistencia con programa de ejercicios en el hogar<\/td><td class=\"column-2\"><\/td><td class=\"column-3\"><i class=\"far fa-check-circle\"><\/i><\/td><td class=\"column-4\"><\/td>\n<\/tr>\n<tr class=\"row-3 odd\">\n\t<td class=\"column-1\">Ba\u00f1o, aseo y\/o ayuda para vestirse<\/td><td class=\"column-2\"><i class=\"far fa-check-circle\"><\/i><\/td><td class=\"column-3\"><i class=\"far fa-check-circle\"><\/i><\/td><td class=\"column-4\"><\/td>\n<\/tr>\n<tr class=\"row-4 even\">\n\t<td class=\"column-1\">Monitoreo de signos vitales<\/td><td class=\"column-2\"><\/td><td class=\"column-3\"><i class=\"far fa-check-circle\"><\/i><\/td><td class=\"column-4\"><i class=\"far fa-check-circle\"><\/i><\/td>\n<\/tr>\n<tr class=\"row-5 odd\">\n\t<td class=\"column-1\">Preparaci\u00f3n de comidas\/dietas especiales<\/td><td class=\"column-2\"><\/td><td class=\"column-3\"><i class=\"far fa-check-circle\"><\/i><\/td><td class=\"column-4\"><\/td>\n<\/tr>\n<tr class=\"row-6 even\">\n\t<td class=\"column-1\">Acompa\u00f1amiento hacia y desde instituciones m\u00e9dicas<\/td><td class=\"column-2\"><i class=\"far fa-check-circle\"><\/i><\/td><td class=\"column-3\"><i class=\"far fa-check-circle\"><\/i><\/td><td class=\"column-4\"><\/td>\n<\/tr>\n<tr class=\"row-7 odd\">\n\t<td class=\"column-1\">Administraci\u00f3n de medicamentos<\/td><td class=\"column-2\"><\/td><td class=\"column-3\"><\/td><td class=\"column-4\"><i class=\"far fa-check-circle\"><\/i><\/td>\n<\/tr>\n<tr class=\"row-8 even\">\n\t<td class=\"column-1\">Lavado de ropa\/tareas del hogar livianas<\/td><td class=\"column-2\"><i class=\"far fa-check-circle\"><\/i><\/td><td class=\"column-3\"><i class=\"far fa-check-circle\"><\/i><\/td><td class=\"column-4\"><\/td>\n<\/tr>\n<tr class=\"row-9 odd\">\n\t<td class=\"column-1\">Asistencia para dar de comer<\/td><td class=\"column-2\"><i class=\"far fa-check-circle\"><\/i><\/td><td class=\"column-3\"><i class=\"far fa-check-circle\"><\/i><\/td><td class=\"column-4\"><\/td>\n<\/tr>\n<tr class=\"row-10 even\">\n\t<td class=\"column-1\">Asistencia para tomar medicamentos<\/td><td class=\"column-2\"><i class=\"far fa-check-circle\"><\/i><\/td><td class=\"column-3\"><i class=\"far fa-check-circle\"><\/i><\/td><td class=\"column-4\"><\/td>\n<\/tr>\n<tr class=\"row-11 odd\">\n\t<td class=\"column-1\">Actividad ambulatoria (asistencia para caminar)<\/td><td class=\"column-2\"><i class=\"far fa-check-circle\"><\/i><\/td><td class=\"column-3\"><i class=\"far fa-check-circle\"><\/i><\/td><td class=\"column-4\"><\/td>\n<\/tr>\n<tr class=\"row-12 even\">\n\t<td class=\"column-1\">Traslados<\/td><td class=\"column-2\"><i class=\"far fa-check-circle\"><\/i><\/td><td class=\"column-3\"><i class=\"far fa-check-circle\"><\/i><\/td><td class=\"column-4\"><\/td>\n<\/tr>\n<tr class=\"row-13 odd\">\n\t<td class=\"column-1\">Administraci\u00f3n, planificaci\u00f3n y coordinaci\u00f3n de la atenci\u00f3n<\/td><td class=\"column-2\"><\/td><td class=\"column-3\"><\/td><td class=\"column-4\"><i class=\"far fa-check-circle\"><\/i><\/td>\n<\/tr>\n<tr class=\"row-14 even\">\n\t<td class=\"column-1\">Administraci\u00f3n de medicamentos, monitoreo y otros tratamientos\/servicios especializados<\/td><td class=\"column-2\"><\/td><td class=\"column-3\"><\/td><td class=\"column-4\"><i class=\"far fa-check-circle\"><\/i><\/td>\n<\/tr>\n<tr class=\"row-15 odd\">\n\t<td class=\"column-1\">Evaluaci\u00f3n cl\u00ednica continua<\/td><td class=\"column-2\"><\/td><td class=\"column-3\"><\/td><td class=\"column-4\"><i class=\"far fa-check-circle\"><\/i><\/td>\n<\/tr>\n<tr class=\"row-16 even\">\n\t<td class=\"column-1\">Desarrollo de planes de atenci\u00f3n personalizados<\/td><td class=\"column-2\"><\/td><td class=\"column-3\"><\/td><td class=\"column-4\"><i class=\"far fa-check-circle\"><\/i><\/td>\n<\/tr>\n<tr class=\"row-17 odd\">\n\t<td class=\"column-1\">Supervisi\u00f3n de asistentes de salud a domicilio y asistentes de atenci\u00f3n personal<\/td><td class=\"column-2\"><\/td><td class=\"column-3\"><\/td><td class=\"column-4\"><i class=\"far fa-check-circle\"><\/i><\/td>\n<\/tr>\n<\/tbody>\n<\/table>\n<!-- #tablepress-2 from cache -->\n","protected":false},"excerpt":{"rendered":"<p>Asistentes de Servicios de Salud a Domicilio (HHA) Aplique hoy Atenci\u00f3n de la Salud a Domicilio Los servicios de atenci\u00f3n de la salud a domicilio (HHA), son la columna vertebral de nuestro sistema de apoyo. Los clientes de Xincon incluyen ancianos, ni\u00f1os y personas con discapacidades, que necesitan servicios de atenci\u00f3n de salud en el [&hellip;]<\/p>\n","protected":false},"author":3,"featured_media":0,"parent":0,"menu_order":212,"comment_status":"closed","ping_status":"closed","template":"","meta":{"_genesis_hide_title":false,"_genesis_hide_breadcrumbs":false,"_genesis_hide_singular_image":false,"_genesis_hide_footer_widgets":false,"_genesis_custom_body_class":"","_genesis_custom_post_class":"","_genesis_layout":"","footnotes":""},"class_list":{"0":"post-1797","1":"page","2":"type-page","3":"status-publish","5":"entry","6":"has-post-thumbnail"},"_links":{"self":[{"href":"https:\/\/xinconcare.com\/es\/wp-json\/wp\/v2\/pages\/1797\/"}],"collection":[{"href":"https:\/\/xinconcare.com\/es\/wp-json\/wp\/v2\/pages\/"}],"about":[{"href":"https:\/\/xinconcare.com\/es\/wp-json\/wp\/v2\/types\/page\/"}],"author":[{"embeddable":true,"href":"https:\/\/xinconcare.com\/es\/wp-json\/wp\/v2\/users\/3\/"}],"replies":[{"embeddable":true,"href":"https:\/\/xinconcare.com\/es\/wp-json\/wp\/v2\/comments\/?post=1797"}],"version-history":[{"count":9,"href":"https:\/\/xinconcare.com\/es\/wp-json\/wp\/v2\/pages\/1797\/revisions\/"}],"predecessor-version":[{"id":4706,"href":"https:\/\/xinconcare.com\/es\/wp-json\/wp\/v2\/pages\/1797\/revisions\/4706\/"}],"wp:attachment":[{"href":"https:\/\/xinconcare.com\/es\/wp-json\/wp\/v2\/media\/?parent=1797"}],"curies":[{"name":"wp","href":"https:\/\/api.w.org\/{rel}","templated":true}]}}