{"id":1805,"date":"2018-11-13T16:43:53","date_gmt":"2018-11-13T22:43:53","guid":{"rendered":"http:\/\/xincon.visule.net\/personal-care-aide\/"},"modified":"2020-08-11T17:00:41","modified_gmt":"2020-08-11T22:00:41","slug":"pca","status":"publish","type":"page","link":"https:\/\/xinconcare.com\/es\/pca\/","title":{"rendered":"Asistente para Atenci\u00f3n Personal (PCA)"},"content":{"rendered":"\n\t\t\t\t<img decoding=\"async\" src=\"https:\/\/www.xinconcare.com\/wp-content\/uploads\/2019\/01\/1600-hero-personal-care-aide.jpg\" alt=\"PCA Personal Care Aide - Xincon Home Health Care Services\" itemprop=\"image\" title=\"1600-hero-personal-care-aide\" onerror=\"this.style.display='none'\"  \/>\n\t<h1>Asistente para Atenci\u00f3n Personal (PCA)<\/h1>\n\t<a href=\"https:\/\/www.xinconcare.com\/enroll\/\" rel=\"noopener\">Aplique hoy <\/a>\n\t<h2>Atenci\u00f3n Personal<\/h2>\n<p>Nuestro programa de atenci\u00f3n personal se centra en ayudar a los clientes con las actividades cotidianas, ayud\u00e1ndoles a usted o a su ser querido a vivir una vida m\u00e1s independiente y segura. Estos servicios, proporcionados por los altamente capacitados Asistentes de Atenci\u00f3n Personal (PCAs) de Xincon, en general incluyen:<\/p>\n<ul>\n<li>Asistencia con la alimentaci\u00f3n<\/li>\n<li>Trasladar a los clientes desde un lugar del hogar a otro (por ej.: de la cama a la tina)<\/li>\n<li>Asistencia con la ambulaci\u00f3n (para caminar)<\/li>\n<li>Asistencia con ba\u00f1o, aseo y\/o para vestirse<\/li>\n<li>Asistencia para tomar medicamentos recetados<\/li>\n<li>Tareas del hogar livianas<\/li>\n<li>Servicios de lavado de ropa<\/li>\n<\/ul>\n<p>Las necesidades espec\u00edficas de cada cliente determinar\u00e1n si se requiere un PCA, un HHA o un enfermero (o combinaci\u00f3n de \u00e9stos).<\/p>\n<p>\u00bfQu\u00e9 nivel de servicio es el adecuado para usted o su(s) ser(es) querido(s)? <strong><a href=\"https:\/\/www.xinconcare.com\/es\/contacto\/\">Cont\u00e1ctenos hoy<\/a><\/strong> y le ayudaremos a tomar una decisi\u00f3n final.<\/p>\n\t\n<table id=\"tablepress-2\" class=\"tablepress tablepress-id-2 tablepress-responsive tablepress-responsive-phone\">\n<thead>\n<tr class=\"row-1 odd\">\n\t<th class=\"column-1\">Servicio<\/th><th class=\"column-2\">Proveedor PCA<\/th><th class=\"column-3\">Proveedor HHA<\/th><th class=\"column-4\">Proveedor LPN, RN<\/th>\n<\/tr>\n<\/thead>\n<tbody class=\"row-hover\">\n<tr class=\"row-2 even\">\n\t<td class=\"column-1\">Asistencia con programa de ejercicios en el hogar<\/td><td class=\"column-2\"><\/td><td class=\"column-3\"><i class=\"far fa-check-circle\"><\/i><\/td><td class=\"column-4\"><\/td>\n<\/tr>\n<tr class=\"row-3 odd\">\n\t<td class=\"column-1\">Ba\u00f1o, aseo y\/o ayuda para vestirse<\/td><td class=\"column-2\"><i class=\"far fa-check-circle\"><\/i><\/td><td class=\"column-3\"><i class=\"far fa-check-circle\"><\/i><\/td><td class=\"column-4\"><\/td>\n<\/tr>\n<tr class=\"row-4 even\">\n\t<td class=\"column-1\">Monitoreo de signos vitales<\/td><td class=\"column-2\"><\/td><td class=\"column-3\"><i class=\"far fa-check-circle\"><\/i><\/td><td class=\"column-4\"><i class=\"far fa-check-circle\"><\/i><\/td>\n<\/tr>\n<tr class=\"row-5 odd\">\n\t<td class=\"column-1\">Preparaci\u00f3n de comidas\/dietas especiales<\/td><td class=\"column-2\"><\/td><td class=\"column-3\"><i class=\"far fa-check-circle\"><\/i><\/td><td class=\"column-4\"><\/td>\n<\/tr>\n<tr class=\"row-6 even\">\n\t<td class=\"column-1\">Acompa\u00f1amiento hacia y desde instituciones m\u00e9dicas<\/td><td class=\"column-2\"><i class=\"far fa-check-circle\"><\/i><\/td><td class=\"column-3\"><i class=\"far fa-check-circle\"><\/i><\/td><td class=\"column-4\"><\/td>\n<\/tr>\n<tr class=\"row-7 odd\">\n\t<td class=\"column-1\">Administraci\u00f3n de medicamentos<\/td><td class=\"column-2\"><\/td><td class=\"column-3\"><\/td><td class=\"column-4\"><i class=\"far fa-check-circle\"><\/i><\/td>\n<\/tr>\n<tr class=\"row-8 even\">\n\t<td class=\"column-1\">Lavado de ropa\/tareas del hogar livianas<\/td><td class=\"column-2\"><i class=\"far fa-check-circle\"><\/i><\/td><td class=\"column-3\"><i class=\"far fa-check-circle\"><\/i><\/td><td class=\"column-4\"><\/td>\n<\/tr>\n<tr class=\"row-9 odd\">\n\t<td class=\"column-1\">Asistencia para dar de comer<\/td><td class=\"column-2\"><i class=\"far fa-check-circle\"><\/i><\/td><td class=\"column-3\"><i class=\"far fa-check-circle\"><\/i><\/td><td class=\"column-4\"><\/td>\n<\/tr>\n<tr class=\"row-10 even\">\n\t<td class=\"column-1\">Asistencia para tomar medicamentos<\/td><td class=\"column-2\"><i class=\"far fa-check-circle\"><\/i><\/td><td class=\"column-3\"><i class=\"far fa-check-circle\"><\/i><\/td><td class=\"column-4\"><\/td>\n<\/tr>\n<tr class=\"row-11 odd\">\n\t<td class=\"column-1\">Actividad ambulatoria (asistencia para caminar)<\/td><td class=\"column-2\"><i class=\"far fa-check-circle\"><\/i><\/td><td class=\"column-3\"><i class=\"far fa-check-circle\"><\/i><\/td><td class=\"column-4\"><\/td>\n<\/tr>\n<tr class=\"row-12 even\">\n\t<td class=\"column-1\">Traslados<\/td><td class=\"column-2\"><i class=\"far fa-check-circle\"><\/i><\/td><td class=\"column-3\"><i class=\"far fa-check-circle\"><\/i><\/td><td class=\"column-4\"><\/td>\n<\/tr>\n<tr class=\"row-13 odd\">\n\t<td class=\"column-1\">Administraci\u00f3n, planificaci\u00f3n y coordinaci\u00f3n de la atenci\u00f3n<\/td><td class=\"column-2\"><\/td><td class=\"column-3\"><\/td><td class=\"column-4\"><i class=\"far fa-check-circle\"><\/i><\/td>\n<\/tr>\n<tr class=\"row-14 even\">\n\t<td class=\"column-1\">Administraci\u00f3n de medicamentos, monitoreo y otros tratamientos\/servicios especializados<\/td><td class=\"column-2\"><\/td><td class=\"column-3\"><\/td><td class=\"column-4\"><i class=\"far fa-check-circle\"><\/i><\/td>\n<\/tr>\n<tr class=\"row-15 odd\">\n\t<td class=\"column-1\">Evaluaci\u00f3n cl\u00ednica continua<\/td><td class=\"column-2\"><\/td><td class=\"column-3\"><\/td><td class=\"column-4\"><i class=\"far fa-check-circle\"><\/i><\/td>\n<\/tr>\n<tr class=\"row-16 even\">\n\t<td class=\"column-1\">Desarrollo de planes de atenci\u00f3n personalizados<\/td><td class=\"column-2\"><\/td><td class=\"column-3\"><\/td><td class=\"column-4\"><i class=\"far fa-check-circle\"><\/i><\/td>\n<\/tr>\n<tr class=\"row-17 odd\">\n\t<td class=\"column-1\">Supervisi\u00f3n de asistentes de salud a domicilio y asistentes de atenci\u00f3n personal<\/td><td class=\"column-2\"><\/td><td class=\"column-3\"><\/td><td class=\"column-4\"><i class=\"far fa-check-circle\"><\/i><\/td>\n<\/tr>\n<\/tbody>\n<\/table>\n<!-- #tablepress-2 from cache -->\n","protected":false},"excerpt":{"rendered":"<p>Asistente para Atenci\u00f3n Personal (PCA) Aplique hoy Atenci\u00f3n Personal Nuestro programa de atenci\u00f3n personal se centra en ayudar a los clientes con las actividades cotidianas, ayud\u00e1ndoles a usted o a su ser querido a vivir una vida m\u00e1s independiente y segura. Estos servicios, proporcionados por los altamente capacitados Asistentes de Atenci\u00f3n Personal (PCAs) de Xincon, [&hellip;]<\/p>\n","protected":false},"author":3,"featured_media":0,"parent":0,"menu_order":215,"comment_status":"closed","ping_status":"closed","template":"","meta":{"_genesis_hide_title":false,"_genesis_hide_breadcrumbs":false,"_genesis_hide_singular_image":false,"_genesis_hide_footer_widgets":false,"_genesis_custom_body_class":"","_genesis_custom_post_class":"","_genesis_layout":"","footnotes":""},"class_list":{"0":"post-1805","1":"page","2":"type-page","3":"status-publish","5":"entry","6":"has-post-thumbnail"},"_links":{"self":[{"href":"https:\/\/xinconcare.com\/es\/wp-json\/wp\/v2\/pages\/1805\/"}],"collection":[{"href":"https:\/\/xinconcare.com\/es\/wp-json\/wp\/v2\/pages\/"}],"about":[{"href":"https:\/\/xinconcare.com\/es\/wp-json\/wp\/v2\/types\/page\/"}],"author":[{"embeddable":true,"href":"https:\/\/xinconcare.com\/es\/wp-json\/wp\/v2\/users\/3\/"}],"replies":[{"embeddable":true,"href":"https:\/\/xinconcare.com\/es\/wp-json\/wp\/v2\/comments\/?post=1805"}],"version-history":[{"count":8,"href":"https:\/\/xinconcare.com\/es\/wp-json\/wp\/v2\/pages\/1805\/revisions\/"}],"predecessor-version":[{"id":4707,"href":"https:\/\/xinconcare.com\/es\/wp-json\/wp\/v2\/pages\/1805\/revisions\/4707\/"}],"wp:attachment":[{"href":"https:\/\/xinconcare.com\/es\/wp-json\/wp\/v2\/media\/?parent=1805"}],"curies":[{"name":"wp","href":"https:\/\/api.w.org\/{rel}","templated":true}]}}