{"id":1810,"date":"2018-11-09T11:15:46","date_gmt":"2018-11-09T17:15:46","guid":{"rendered":"http:\/\/xincon.visule.net\/skilled-nursing\/"},"modified":"2020-08-11T17:00:16","modified_gmt":"2020-08-11T22:00:16","slug":"enfermeria-especializada","status":"publish","type":"page","link":"https:\/\/xinconcare.com\/es\/enfermeria-especializada\/","title":{"rendered":"Enfermer\u00eda especializada"},"content":{"rendered":"\n\t\t\t\t<img decoding=\"async\" src=\"https:\/\/www.xinconcare.com\/wp-content\/uploads\/2019\/01\/1600-hero-nursing.jpg\" alt=\"Nursing - Xincon Home Health Care Services\" itemprop=\"image\" title=\"1600-hero-nursing\" onerror=\"this.style.display='none'\"  \/>\n\t<h1>Enfermer\u00eda (LPN, RN)<\/h1>\n\t<a href=\"https:\/\/www.xinconcare.com\/es\/enroll\/\" rel=\"noopener\">Enroll Today <\/a>\n\t<h2>Enfermer\u00eda<\/h2>\n<p>Las enfermeras altamente especializadas de Xincon se destacan en una amplia gama de servicios cl\u00ednicos. Nuestras Enfermeras Pr\u00e1cticas con Licencia (LPN) y Enfermeras Registradas (RN) en general brindan los siguientes servicios:<\/p>\n<ul>\n<li>Administraci\u00f3n, planificaci\u00f3n y coordinaci\u00f3n de casos<\/li>\n<li>Administraci\u00f3n de medicamentos, monitoreo y otros tratamientos\/servicios especializados<\/li>\n<li>Monitoreo de cambios en la condici\u00f3n de la salud y notificaci\u00f3n a familiares\/m\u00e9dicos<\/li>\n<li>Evaluaci\u00f3n cl\u00ednica continua<\/li>\n<li>Desarrollo de planes de atenci\u00f3n personalizados en colaboraci\u00f3n con clientes y\/o seres queridos<\/li>\n<li>Supervisi\u00f3n de asistentes para servicios de salud a domicilio y asistentes de atenci\u00f3n personal<\/li>\n<\/ul>\n<p>Las necesidades espec\u00edficas de cada cliente determinar\u00e1n si se requiere un PCA, un HHA o una enfermera (o combinaci\u00f3n de \u00e9stos).<\/p>\n<p>\u00bfQu\u00e9 nivel de servicio es el adecuado para usted o su(s) ser(es) querido(s)? <a href=\"https:\/\/www.xinconcare.com\/es\/contacto\/\"><strong>Cont\u00e1ctenos hoy<\/strong><\/a> y le ayudaremos a tomar una decisi\u00f3n final.<\/p>\n\t\n<table id=\"tablepress-2\" class=\"tablepress tablepress-id-2 tablepress-responsive tablepress-responsive-phone\">\n<thead>\n<tr class=\"row-1 odd\">\n\t<th class=\"column-1\">Servicio<\/th><th class=\"column-2\">Proveedor PCA<\/th><th class=\"column-3\">Proveedor HHA<\/th><th class=\"column-4\">Proveedor LPN, RN<\/th>\n<\/tr>\n<\/thead>\n<tbody class=\"row-hover\">\n<tr class=\"row-2 even\">\n\t<td class=\"column-1\">Asistencia con programa de ejercicios en el hogar<\/td><td class=\"column-2\"><\/td><td class=\"column-3\"><i class=\"far fa-check-circle\"><\/i><\/td><td class=\"column-4\"><\/td>\n<\/tr>\n<tr class=\"row-3 odd\">\n\t<td class=\"column-1\">Ba\u00f1o, aseo y\/o ayuda para vestirse<\/td><td class=\"column-2\"><i class=\"far fa-check-circle\"><\/i><\/td><td class=\"column-3\"><i class=\"far fa-check-circle\"><\/i><\/td><td class=\"column-4\"><\/td>\n<\/tr>\n<tr class=\"row-4 even\">\n\t<td class=\"column-1\">Monitoreo de signos vitales<\/td><td class=\"column-2\"><\/td><td class=\"column-3\"><i class=\"far fa-check-circle\"><\/i><\/td><td class=\"column-4\"><i class=\"far fa-check-circle\"><\/i><\/td>\n<\/tr>\n<tr class=\"row-5 odd\">\n\t<td class=\"column-1\">Preparaci\u00f3n de comidas\/dietas especiales<\/td><td class=\"column-2\"><\/td><td class=\"column-3\"><i class=\"far fa-check-circle\"><\/i><\/td><td class=\"column-4\"><\/td>\n<\/tr>\n<tr class=\"row-6 even\">\n\t<td class=\"column-1\">Acompa\u00f1amiento hacia y desde instituciones m\u00e9dicas<\/td><td class=\"column-2\"><i class=\"far fa-check-circle\"><\/i><\/td><td class=\"column-3\"><i class=\"far fa-check-circle\"><\/i><\/td><td class=\"column-4\"><\/td>\n<\/tr>\n<tr class=\"row-7 odd\">\n\t<td class=\"column-1\">Administraci\u00f3n de medicamentos<\/td><td class=\"column-2\"><\/td><td class=\"column-3\"><\/td><td class=\"column-4\"><i class=\"far fa-check-circle\"><\/i><\/td>\n<\/tr>\n<tr class=\"row-8 even\">\n\t<td class=\"column-1\">Lavado de ropa\/tareas del hogar livianas<\/td><td class=\"column-2\"><i class=\"far fa-check-circle\"><\/i><\/td><td class=\"column-3\"><i class=\"far fa-check-circle\"><\/i><\/td><td class=\"column-4\"><\/td>\n<\/tr>\n<tr class=\"row-9 odd\">\n\t<td class=\"column-1\">Asistencia para dar de comer<\/td><td class=\"column-2\"><i class=\"far fa-check-circle\"><\/i><\/td><td class=\"column-3\"><i class=\"far fa-check-circle\"><\/i><\/td><td class=\"column-4\"><\/td>\n<\/tr>\n<tr class=\"row-10 even\">\n\t<td class=\"column-1\">Asistencia para tomar medicamentos<\/td><td class=\"column-2\"><i class=\"far fa-check-circle\"><\/i><\/td><td class=\"column-3\"><i class=\"far fa-check-circle\"><\/i><\/td><td class=\"column-4\"><\/td>\n<\/tr>\n<tr class=\"row-11 odd\">\n\t<td class=\"column-1\">Actividad ambulatoria (asistencia para caminar)<\/td><td class=\"column-2\"><i class=\"far fa-check-circle\"><\/i><\/td><td class=\"column-3\"><i class=\"far fa-check-circle\"><\/i><\/td><td class=\"column-4\"><\/td>\n<\/tr>\n<tr class=\"row-12 even\">\n\t<td class=\"column-1\">Traslados<\/td><td class=\"column-2\"><i class=\"far fa-check-circle\"><\/i><\/td><td class=\"column-3\"><i class=\"far fa-check-circle\"><\/i><\/td><td class=\"column-4\"><\/td>\n<\/tr>\n<tr class=\"row-13 odd\">\n\t<td class=\"column-1\">Administraci\u00f3n, planificaci\u00f3n y coordinaci\u00f3n de la atenci\u00f3n<\/td><td class=\"column-2\"><\/td><td class=\"column-3\"><\/td><td class=\"column-4\"><i class=\"far fa-check-circle\"><\/i><\/td>\n<\/tr>\n<tr class=\"row-14 even\">\n\t<td class=\"column-1\">Administraci\u00f3n de medicamentos, monitoreo y otros tratamientos\/servicios especializados<\/td><td class=\"column-2\"><\/td><td class=\"column-3\"><\/td><td class=\"column-4\"><i class=\"far fa-check-circle\"><\/i><\/td>\n<\/tr>\n<tr class=\"row-15 odd\">\n\t<td class=\"column-1\">Evaluaci\u00f3n cl\u00ednica continua<\/td><td class=\"column-2\"><\/td><td class=\"column-3\"><\/td><td class=\"column-4\"><i class=\"far fa-check-circle\"><\/i><\/td>\n<\/tr>\n<tr class=\"row-16 even\">\n\t<td class=\"column-1\">Desarrollo de planes de atenci\u00f3n personalizados<\/td><td class=\"column-2\"><\/td><td class=\"column-3\"><\/td><td class=\"column-4\"><i class=\"far fa-check-circle\"><\/i><\/td>\n<\/tr>\n<tr class=\"row-17 odd\">\n\t<td class=\"column-1\">Supervisi\u00f3n de asistentes de salud a domicilio y asistentes de atenci\u00f3n personal<\/td><td class=\"column-2\"><\/td><td class=\"column-3\"><\/td><td class=\"column-4\"><i class=\"far fa-check-circle\"><\/i><\/td>\n<\/tr>\n<\/tbody>\n<\/table>\n<!-- #tablepress-2 from cache -->\n","protected":false},"excerpt":{"rendered":"<p>Enfermer\u00eda (LPN, RN) Enroll Today Enfermer\u00eda Las enfermeras altamente especializadas de Xincon se destacan en una amplia gama de servicios cl\u00ednicos. Nuestras Enfermeras Pr\u00e1cticas con Licencia (LPN) y Enfermeras Registradas (RN) en general brindan los siguientes servicios: Administraci\u00f3n, planificaci\u00f3n y coordinaci\u00f3n de casos Administraci\u00f3n de medicamentos, monitoreo y otros tratamientos\/servicios especializados Monitoreo de cambios en [&hellip;]<\/p>\n","protected":false},"author":3,"featured_media":0,"parent":0,"menu_order":210,"comment_status":"closed","ping_status":"closed","template":"","meta":{"_genesis_hide_title":false,"_genesis_hide_breadcrumbs":false,"_genesis_hide_singular_image":false,"_genesis_hide_footer_widgets":false,"_genesis_custom_body_class":"","_genesis_custom_post_class":"","_genesis_layout":"","footnotes":""},"class_list":{"0":"post-1810","1":"page","2":"type-page","3":"status-publish","5":"entry","6":"has-post-thumbnail"},"_links":{"self":[{"href":"https:\/\/xinconcare.com\/es\/wp-json\/wp\/v2\/pages\/1810\/"}],"collection":[{"href":"https:\/\/xinconcare.com\/es\/wp-json\/wp\/v2\/pages\/"}],"about":[{"href":"https:\/\/xinconcare.com\/es\/wp-json\/wp\/v2\/types\/page\/"}],"author":[{"embeddable":true,"href":"https:\/\/xinconcare.com\/es\/wp-json\/wp\/v2\/users\/3\/"}],"replies":[{"embeddable":true,"href":"https:\/\/xinconcare.com\/es\/wp-json\/wp\/v2\/comments\/?post=1810"}],"version-history":[{"count":9,"href":"https:\/\/xinconcare.com\/es\/wp-json\/wp\/v2\/pages\/1810\/revisions\/"}],"predecessor-version":[{"id":4705,"href":"https:\/\/xinconcare.com\/es\/wp-json\/wp\/v2\/pages\/1810\/revisions\/4705\/"}],"wp:attachment":[{"href":"https:\/\/xinconcare.com\/es\/wp-json\/wp\/v2\/media\/?parent=1810"}],"curies":[{"name":"wp","href":"https:\/\/api.w.org\/{rel}","templated":true}]}}