{"id":1815,"date":"2018-11-09T11:16:25","date_gmt":"2018-11-09T17:16:25","guid":{"rendered":"http:\/\/xincon.visule.net\/consumer-directed-personal-assistance-program\/"},"modified":"2025-03-27T15:33:57","modified_gmt":"2025-03-27T19:33:57","slug":"cdpap","status":"publish","type":"page","link":"https:\/\/xinconcare.com\/es\/cdpap\/","title":{"rendered":"Programa de Asistencia Personal Dirigida por el Consumidor (CDPAP)"},"content":{"rendered":"\n\n\t\t\t\t<img decoding=\"async\" src=\"https:\/\/www.xinconcare.com\/wp-content\/uploads\/2019\/01\/1600-hero-cdpap.jpg\" alt=\"CDPAP Xincon Home Health Care Services\" itemprop=\"image\" title=\"1600-hero-cdpap\" onerror=\"this.style.display='none'\"  \/>\n\t<h1>Programa de Asistencia Personal Dirigida por el Consumidor (CDPAP)<\/h1>\n\t<a href=\"https:\/\/www.xinconcare.com\/es\/enroll\/\" rel=\"noopener\">Aplique hoy <\/a>\n\t<h2>Actualizaci\u00f3n Importante del Programa CDPAP del Estado de Nueva York<\/h2>\n<p>A partir del 1 de abril de 2025, el Departamento de Salud del Estado de Nueva York ha designado a Public Partnerships LLC (PPL) como la \u00fanica agencia intermediaria fiscal (Fiscal Intermediary, FI) para el Programa de Asistencia Personal Dirigida por el Consumidor (CDPAP). Este cambio tiene como objetivo simplificar los procesos administrativos y reducir los costos del programa.<\/p>\n<p>Impacto para los Consumidores y Asistentes Personales del CDPAP:<\/p>\n<ul>\n<li> Transici\u00f3n Obligatoria: Todos los consumidores actuales del CDPAP y sus asistentes personales deben completar la transici\u00f3n a PPL antes del 28 de marzo de 2025, para garantizar la continuidad del servicio.<\/li>\n<li> Extensi\u00f3n del Periodo de Transici\u00f3n: Considerando las dificultades que pueden surgir durante la transici\u00f3n, el estado ha proporcionado un periodo de gracia de 30 d\u00edas. Los usuarios que no completen el registro con PPL a tiempo tendr\u00e1n hasta el 30 de abril de 2025 para finalizarlo.<\/li>\n<\/ul>\n<p>C\u00f3mo Realizar la Transici\u00f3n a PPL:<\/p>\n<ol>\n<li> Registro en L\u00ednea: Utilice el sistema en l\u00ednea <a href=\"https:\/\/pplfirst.com\/programs\/new-york\/ny-consumer-directed-personal-assistance-program-cdpap\/?utm_source=chatgpt.com\">PPL@Home <\/a>para facilitar su registro.<\/li>\n<li> Asistencia Telef\u00f3nica: <a href=\"https:\/\/pplfirst.com\/programs\/new-york\/ny-consumer-directed-personal-assistance-program-cdpap\/?utm_source=chatgpt.com\">Contacte con el centro de soporte al cliente de PPL llamando al 1-833-247-5346 para obtener ayuda durante el proceso.<\/a><\/li>\n<li> Sesiones Presenciales o Virtuales: <a href=\"https:\/\/pplfirst.com\/programs\/new-york\/ny-consumer-directed-personal-assistance-program-cdpap\/?utm_source=chatgpt.com\">Asista a sesiones de apoyo organizadas por PPL para asistir en la transici\u00f3n.<\/a><\/li>\n<li> Facilitadores Autorizados: <a href=\"https:\/\/pplfirst.com\/programs\/new-york\/ny-consumer-directed-personal-assistance-program-cdpap\/?utm_source=chatgpt.com\">Solicite ayuda a los facilitadores autorizados del CDPAP.<\/a><\/li>\n<\/ol>\n<p>Datos Clave sobre la Transici\u00f3n del CDPAP:<\/p>\n<ul>\n<li> Continuidad del Programa: El CDPAP no est\u00e1 terminando ni cambiando en t\u00e9rminos de servicios o elegibilidad. Los consumidores pueden seguir trabajando con sus asistentes de confianza.<\/li>\n<li> Acci\u00f3n Obligatoria: Es obligatoria la transici\u00f3n a PPL. Permanecer con la agencia FI actual no es una opci\u00f3n y no habr\u00e1 inscripci\u00f3n autom\u00e1tica.<\/li>\n<li> Sin Necesidad de Nueva Certificaci\u00f3n: Los asistentes personales no necesitan obtener nuevas certificaciones o licencias para continuar en el CDPAP.<\/li>\n<li> Sin Costo de Transici\u00f3n: No habr\u00e1 costos asociados con la transici\u00f3n a PPL.<\/li>\n<\/ul>\n<p>Informaci\u00f3n de Contacto:<\/p>\n<ul>\n<li> Soporte al Cliente de PPL: 1-833-247-5346<\/li>\n<li> TTY (para personas con problemas auditivos): 1-833-204-9042<\/li>\n<\/ul>\n<p>Para obtener m\u00e1s informaci\u00f3n y recursos, visite la p\u00e1gina oficial del CDPAP de PPL:<\/p>\n<p><a href=\"https:\/\/pplfirst.com\/\">https:\/\/pplfirst.com\/<\/a>\u00a0<\/p>\n<br \/>\nComprendemos que las transiciones pueden ser dif\u00edciles y estamos comprometidos a brindarle el apoyo necesario para asegurar la continuidad de sus servicios de cuidado.\n\n","protected":false},"excerpt":{"rendered":"<p>Programa de Asistencia Personal Dirigida por el Consumidor (CDPAP) Aplique hoy Actualizaci\u00f3n Importante del Programa CDPAP del Estado de Nueva York A partir del 1 de abril de 2025, el Departamento de Salud del Estado de Nueva York ha designado a Public Partnerships LLC (PPL) como la \u00fanica agencia intermediaria fiscal (Fiscal Intermediary, FI) para [&hellip;]<\/p>\n","protected":false},"author":3,"featured_media":0,"parent":0,"menu_order":220,"comment_status":"closed","ping_status":"closed","template":"","meta":{"_genesis_hide_title":false,"_genesis_hide_breadcrumbs":false,"_genesis_hide_singular_image":false,"_genesis_hide_footer_widgets":false,"_genesis_custom_body_class":"","_genesis_custom_post_class":"","_genesis_layout":"","footnotes":""},"class_list":{"0":"post-1815","1":"page","2":"type-page","3":"status-publish","5":"entry","6":"has-post-thumbnail"},"_links":{"self":[{"href":"https:\/\/xinconcare.com\/es\/wp-json\/wp\/v2\/pages\/1815\/"}],"collection":[{"href":"https:\/\/xinconcare.com\/es\/wp-json\/wp\/v2\/pages\/"}],"about":[{"href":"https:\/\/xinconcare.com\/es\/wp-json\/wp\/v2\/types\/page\/"}],"author":[{"embeddable":true,"href":"https:\/\/xinconcare.com\/es\/wp-json\/wp\/v2\/users\/3\/"}],"replies":[{"embeddable":true,"href":"https:\/\/xinconcare.com\/es\/wp-json\/wp\/v2\/comments\/?post=1815"}],"version-history":[{"count":9,"href":"https:\/\/xinconcare.com\/es\/wp-json\/wp\/v2\/pages\/1815\/revisions\/"}],"predecessor-version":[{"id":6196,"href":"https:\/\/xinconcare.com\/es\/wp-json\/wp\/v2\/pages\/1815\/revisions\/6196\/"}],"wp:attachment":[{"href":"https:\/\/xinconcare.com\/es\/wp-json\/wp\/v2\/media\/?parent=1815"}],"curies":[{"name":"wp","href":"https:\/\/api.w.org\/{rel}","templated":true}]}}