{"id":1822,"date":"2018-06-19T12:17:55","date_gmt":"2018-06-19T17:17:55","guid":{"rendered":"http:\/\/xincon.visule.net\/home\/"},"modified":"2020-08-05T16:29:53","modified_gmt":"2020-08-05T21:29:53","slug":"home","status":"publish","type":"page","link":"https:\/\/xinconcare.com\/es\/","title":{"rendered":"Home"},"content":{"rendered":"\n\t<h2>Compasi\u00f3n, innovaci\u00f3n y confianza<\/h2>\n<p>Xincon ofrece servicios de salud en el hogar de calidad a residentes del \u00c1rea Metropolitana de Nueva York. Cont\u00e1ctenos hoy para conocer c\u00f3mo podemos sacar provecho de nuestro personal capacitado al m\u00e1s alto nivel, nuestros enfoques comprobados y nuestra tecnolog\u00eda de punta para ayudar a sus seres queridos a vivir mejor.<\/p>\n<p><a href=\"enroll\/\">Aplique hoy <\/a><\/p>\n\t<h2>Nuestra meta es brindar servicio de calidad, profesional y confiable a nuestros miembros; 24 horas por d\u00eda, 7 d\u00edas a la semana.<\/h2>\n<p>Xincon Home Health Care Services Inc. es una <strong>Agencia de Servicios de Atenci\u00f3n a Domicilio<\/strong> autorizada por el estado de Nueva York que brinda cuidados a domicilio y servicios de salud en el hogar a residentes del \u00c1rea Metropolitana de la ciudad de Nueva York desde 2006. Creemos que la salud, el confort y la privacidad de cada persona deben constituir el centro de nuestro trabajo. Este principio gu\u00eda todo lo que hacemos.<\/p>\n\t<h3><img loading=\"lazy\" decoding=\"async\" src=\"https:\/\/www.xinconcare.com\/wp-content\/uploads\/2020\/08\/icon-nursing-services-2020.png\" alt=\"\" width=\"79\" height=\"97\" \/><\/h3>\n<h3>Servicios para pacientes de enfermer\u00eda<\/h3>\n<p>Enfermeras con licencia que le ayudar\u00e1n a cubrir sus necesidades m\u00e9dicas en su domicilio<\/p>\n<p><a href=\"https:\/\/www.xinconcare.com\/es\/enfermeria-especializada\/\"><strong>Conozca m\u00e1s<\/strong><\/a><\/p>\n\t<h3><img loading=\"lazy\" decoding=\"async\" src=\"https:\/\/www.xinconcare.com\/wp-content\/uploads\/2020\/08\/icon-home-health-services-2020.png\" alt=\"\" width=\"85\" height=\"95\" \/><\/h3>\n<h3>Servicios de salud en el hogar<\/h3>\n<p>Asistentes con licencia para brindar servicios de atenci\u00f3n de la salud en el hogar disponibles 24 horas\/d\u00eda<\/p>\n<p><strong><a href=\"https:\/\/www.xinconcare.com\/es\/hha\/\">Conozca m\u00e1s<\/a><\/strong><\/p>\n\t<h3><img loading=\"lazy\" decoding=\"async\" src=\"https:\/\/www.xinconcare.com\/wp-content\/uploads\/2020\/08\/icon-personal-care-services-2020.png\" alt=\"\" width=\"106\" height=\"92\" \/><\/h3>\n<h3>Servicios de atenci\u00f3n personal<\/h3>\n<p>Asistentes de atenci\u00f3n personal que le ayudan con las tareas cotidianas<\/p>\n<p><a href=\"https:\/\/www.xinconcare.com\/es\/pca\/\"><strong>Conozca m\u00e1s<\/strong><\/a><\/p>\n\t<h3><img loading=\"lazy\" decoding=\"async\" src=\"https:\/\/www.xinconcare.com\/wp-content\/uploads\/2020\/08\/icon-family-care-program-2020.png\" alt=\"\" width=\"96\" height=\"89\" \/><\/h3>\n<h3>Programa de cuidado familiar<\/h3>\n<p>Tambi\u00e9n conocido como Programa de Asistencia Personal Dirigida por el Consumidor (CDPAP)<\/p>\n<p><a href=\"https:\/\/www.xinconcare.com\/es\/cdpap\/\"><strong>Conozca m\u00e1s<\/strong><\/a><\/p>\n\t<p><a href=\"https:\/\/www.xinconcare.com\/es\/enroll\/\">Aplique hoy <\/a><\/p>\n\t\t\t\t<img decoding=\"async\" src=\"https:\/\/www.xinconcare.com\/wp-content\/uploads\/2018\/12\/xincon-nursing-careers.png\" alt=\"xincon-nursing-careers\" itemprop=\"image\" title=\"xincon-nursing-careers\" onerror=\"this.style.display='none'\"  \/>\n\t<h2>Buscamos enfermeras y asistentes<\/h2>\n<p>\u00bfBusca una carrera gratificante en el \u00e1rea de la atenci\u00f3n de la salud? Siempre estamos buscando buenas personas para brindar una atenci\u00f3n excelente a nuestros pacientes.<\/p>\n<p><a href=\"https:\/\/www.xinconcare.com\/es\/empleos-vacantes\/\">Explorar empleos<\/a><\/p>\n","protected":false},"excerpt":{"rendered":"<p>Compasi\u00f3n, innovaci\u00f3n y confianza Xincon ofrece servicios de salud en el hogar de calidad a residentes del \u00c1rea Metropolitana de Nueva York. Cont\u00e1ctenos hoy para conocer c\u00f3mo podemos sacar provecho de nuestro personal capacitado al m\u00e1s alto nivel, nuestros enfoques comprobados y nuestra tecnolog\u00eda de punta para ayudar a sus seres queridos a vivir mejor. [&hellip;]<\/p>\n","protected":false},"author":3,"featured_media":0,"parent":0,"menu_order":0,"comment_status":"closed","ping_status":"closed","template":"","meta":{"_genesis_hide_title":false,"_genesis_hide_breadcrumbs":false,"_genesis_hide_singular_image":false,"_genesis_hide_footer_widgets":false,"_genesis_custom_body_class":"","_genesis_custom_post_class":"","_genesis_layout":"full-width-content","footnotes":""},"class_list":{"0":"post-1822","1":"page","2":"type-page","3":"status-publish","5":"entry","6":"has-post-thumbnail"},"_links":{"self":[{"href":"https:\/\/xinconcare.com\/es\/wp-json\/wp\/v2\/pages\/1822\/"}],"collection":[{"href":"https:\/\/xinconcare.com\/es\/wp-json\/wp\/v2\/pages\/"}],"about":[{"href":"https:\/\/xinconcare.com\/es\/wp-json\/wp\/v2\/types\/page\/"}],"author":[{"embeddable":true,"href":"https:\/\/xinconcare.com\/es\/wp-json\/wp\/v2\/users\/3\/"}],"replies":[{"embeddable":true,"href":"https:\/\/xinconcare.com\/es\/wp-json\/wp\/v2\/comments\/?post=1822"}],"version-history":[{"count":14,"href":"https:\/\/xinconcare.com\/es\/wp-json\/wp\/v2\/pages\/1822\/revisions\/"}],"predecessor-version":[{"id":4648,"href":"https:\/\/xinconcare.com\/es\/wp-json\/wp\/v2\/pages\/1822\/revisions\/4648\/"}],"wp:attachment":[{"href":"https:\/\/xinconcare.com\/es\/wp-json\/wp\/v2\/media\/?parent=1822"}],"curies":[{"name":"wp","href":"https:\/\/api.w.org\/{rel}","templated":true}]}}