{"id":1868,"date":"2018-11-09T10:54:29","date_gmt":"2018-11-09T16:54:29","guid":{"rendered":"http:\/\/xincon.visule.net\/acerca-de-xincon\/testimonials\/"},"modified":"2020-08-11T16:56:56","modified_gmt":"2020-08-11T21:56:56","slug":"testimonios-de-clientes","status":"publish","type":"page","link":"https:\/\/xinconcare.com\/es\/acerca-de-xincon\/testimonios-de-clientes\/","title":{"rendered":"Testimonios de clientes"},"content":{"rendered":"\n\t\t\t\t<img decoding=\"async\" src=\"https:\/\/www.xinconcare.com\/wp-content\/uploads\/2019\/01\/1600-hero-client-testimonials.jpg\" alt=\"Xincon Home Health Care Services\" itemprop=\"image\" title=\"1600-hero-client-testimonials\" onerror=\"this.style.display='none'\"  \/>\n\t<h1>Testimonios de clientes<\/h1>\n\t<a href=\"https:\/\/www.xinconcare.com\/es\/enroll\/\" rel=\"noopener\">Aplique hoy <\/a>\n\t<p><iframe loading=\"lazy\" width=\"500\" height=\"281\" src=\"https:\/\/www.youtube.com\/embed\/AjsFiIXzO3E?feature=oembed\" frameborder=\"0\" allow=\"accelerometer; autoplay; encrypted-media; gyroscope; picture-in-picture\" allowfullscreen><\/iframe><\/p>\n<p><strong>Chu, ShengEn<\/strong><\/p>\n<hr \/>\n<p><iframe loading=\"lazy\" width=\"500\" height=\"281\" src=\"https:\/\/www.youtube.com\/embed\/KI4f7TEgt0E?feature=oembed\" frameborder=\"0\" allow=\"accelerometer; autoplay; encrypted-media; gyroscope; picture-in-picture\" allowfullscreen><\/iframe><\/p>\n<p><strong>Ding, Heyi<\/strong><\/p>\n<hr \/>\n<p><iframe loading=\"lazy\" width=\"500\" height=\"281\" src=\"https:\/\/www.youtube.com\/embed\/Y0se2nMQRXs?feature=oembed\" frameborder=\"0\" allow=\"accelerometer; autoplay; encrypted-media; gyroscope; picture-in-picture\" allowfullscreen><\/iframe><\/p>\n<p><strong>Melitina Duran<\/strong><\/p>\n<hr \/>\n<p><iframe loading=\"lazy\" width=\"500\" height=\"281\" src=\"https:\/\/www.youtube.com\/embed\/xysJUleJwRo?feature=oembed\" frameborder=\"0\" allow=\"accelerometer; autoplay; encrypted-media; gyroscope; picture-in-picture\" allowfullscreen><\/iframe><\/p>\n<p><strong>Chee, Lily<\/strong><\/p>\n<hr \/>\n<p><em>\u00abXincon es una agencia excelente, hace 10 a\u00f1os que estoy con ellos y no he tenido una sola queja. Todos los asistentes son excelentes y los coordinadores siempre realizan un trabajo de la mayor calidad y se aseguran de que si mi asistente habitual se ausenta, o abandona la compa\u00f1\u00eda, alguien excelente siempre tome su lugar. Xincon se preocupa por sus pacientes y es por eso que siempre me he mantenido leal a ellos todos estos a\u00f1os y continuar\u00e9 con ellos. \u00a1Gracias Xincon!\u00bb<\/em><\/p>\n<p><strong>Melitina Arias-Duran<\/strong><\/p>\n<hr \/>\n<p><em>\u00abEstoy sumamente satisfecha con mi asistente actual. Ella es muy trabajadora, responsable y tiene una excelente actitud. Mi administradora de casos me llama con frecuencia y me doy cuenta de que le importo. Estoy muy agradecida por sus respetables servicios.\u00bb<\/em><\/p>\n<p><strong>He, Yun Qin<\/strong><\/p>\n<hr \/>\n<p><em>\u00ab\u00a1Amo Xincon! Xincon siempre encuentra cuidadores seg\u00fan mis necesidades espec\u00edficas y el servicio al cliente es excelente. Valoro enormemente el servicio que Xincon me brinda.\u00bb<\/em><\/p>\n<p><strong>Wang, Xinlian<\/strong><\/p>\n<hr \/>\n<p><em>\u00abXINCON es lo mejor de lo mejor. Cada vez que llamo a la agencia, alguien atiende la llamada personalmente o me devuelve la llamada de inmediato si dejo un mensaje. Soy cliente de Xincon desde 2012 y nunca los cambiar\u00eda por otra agencia.\u00bb<\/em><\/p>\n<p><strong>Lind, Sonia<\/strong><\/p>\n<hr \/>\n<p><em>\u00abDesde que soy cliente de Xincon los servicios han sido excelentes. El administrador de casos siempre me devuelve mis llamadas y los HHAs han sido excelentes. Estoy sumamente satisfecha con los servicios.\u00bb<\/em><\/p>\n<p><strong>Withcomb, Robin<\/strong><\/p>\n<hr \/>\n<p><em>\u00abEstoy muy satisfecha con la asistente que nos envi\u00f3 Xincon. Es muy responsable, y ha sido una gran ayuda y compa\u00f1\u00eda para m\u00ed.\u00bb<\/em><\/p>\n<p><strong>Cai Ren Wang<\/strong><\/p>\n<hr \/>\n<p><em>\u00abEstoy postrada en cama y dependo de mi Asistente todos los d\u00edas. Naixin ha estado conmigo por m\u00e1s de 10 a\u00f1os y la amo como si formara parte de mi propia familia.\u00bb<\/em><\/p>\n<p><strong>Liang, Mei Jiao<\/strong><\/p>\n<hr \/>\n<p><em>\u00abMi esposa y yo hace varios a\u00f1os que somos clientes de Xincon. El a\u00f1o pasado, mi esposa se sinti\u00f3 enferma y no dejaba de perder peso. Nuestro cuidador cuid\u00f3 de ella y hasta llam\u00f3 a nuestra compa\u00f1\u00eda de seguros para insistir en que le proporcionaran suplementos nutricionales. Ahora, recuper\u00f3 su peso normal. Estamos agradecidos por lo que Xincon ha hecho por nosotros y contin\u00faa haciendo.\u00bb<\/em><\/p>\n<p><strong>Kwok, Man Ki M and Kwokchan, Chow Hung<\/strong><\/p>\n","protected":false},"excerpt":{"rendered":"<p>Testimonios de clientes Aplique hoy Chu, ShengEn Ding, Heyi Melitina Duran Chee, Lily \u00abXincon es una agencia excelente, hace 10 a\u00f1os que estoy con ellos y no he tenido una sola queja. Todos los asistentes son excelentes y los coordinadores siempre realizan un trabajo de la mayor calidad y se aseguran de que si mi [&hellip;]<\/p>\n","protected":false},"author":3,"featured_media":0,"parent":1735,"menu_order":110,"comment_status":"closed","ping_status":"closed","template":"","meta":{"_genesis_hide_title":false,"_genesis_hide_breadcrumbs":false,"_genesis_hide_singular_image":false,"_genesis_hide_footer_widgets":false,"_genesis_custom_body_class":"","_genesis_custom_post_class":"","_genesis_layout":"","footnotes":""},"class_list":{"0":"post-1868","1":"page","2":"type-page","3":"status-publish","5":"entry","6":"has-post-thumbnail"},"_links":{"self":[{"href":"https:\/\/xinconcare.com\/es\/wp-json\/wp\/v2\/pages\/1868\/"}],"collection":[{"href":"https:\/\/xinconcare.com\/es\/wp-json\/wp\/v2\/pages\/"}],"about":[{"href":"https:\/\/xinconcare.com\/es\/wp-json\/wp\/v2\/types\/page\/"}],"author":[{"embeddable":true,"href":"https:\/\/xinconcare.com\/es\/wp-json\/wp\/v2\/users\/3\/"}],"replies":[{"embeddable":true,"href":"https:\/\/xinconcare.com\/es\/wp-json\/wp\/v2\/comments\/?post=1868"}],"version-history":[{"count":9,"href":"https:\/\/xinconcare.com\/es\/wp-json\/wp\/v2\/pages\/1868\/revisions\/"}],"predecessor-version":[{"id":4699,"href":"https:\/\/xinconcare.com\/es\/wp-json\/wp\/v2\/pages\/1868\/revisions\/4699\/"}],"up":[{"embeddable":true,"href":"https:\/\/xinconcare.com\/es\/wp-json\/wp\/v2\/pages\/1735\/"}],"wp:attachment":[{"href":"https:\/\/xinconcare.com\/es\/wp-json\/wp\/v2\/media\/?parent=1868"}],"curies":[{"name":"wp","href":"https:\/\/api.w.org\/{rel}","templated":true}]}}