{"id":1872,"date":"2018-11-09T11:16:47","date_gmt":"2018-11-09T17:16:47","guid":{"rendered":"http:\/\/xincon.visule.net\/caregiver-testimonials\/"},"modified":"2020-09-01T16:43:26","modified_gmt":"2020-09-01T21:43:26","slug":"testimonios-de-cuidadores","status":"publish","type":"page","link":"https:\/\/xinconcare.com\/es\/testimonios-de-cuidadores\/","title":{"rendered":"Testimonios de cuidadores"},"content":{"rendered":"\n\t\t\t\t<img decoding=\"async\" src=\"https:\/\/www.xinconcare.com\/wp-content\/uploads\/2019\/01\/1600-hero-caregiver-testimonials-4.jpg\" alt=\"1600-hero-caregiver-testimonials\" itemprop=\"image\" title=\"1600-hero-caregiver-testimonials\" onerror=\"this.style.display='none'\"  \/>\n\t<h1>Testimonios de cuidadores<\/h1>\n\t<a href=\"https:\/\/www.xinconcare.com\/es\/enroll\/\" rel=\"noopener\">Aplique hoy <\/a>\n\t<p><em>\u00abHace casi 20 a\u00f1os que trabajo en diferentes agencias de atenci\u00f3n de la salud en el hogar. Xincon es la compa\u00f1\u00eda m\u00e1s profesional con la que he trabajado. Sus coordinadores son apasionados y siempre serviciales. Por ejemplo, Mandy Lin, una de la coordinadoras. Siempre me ayuda a encontrar una soluci\u00f3n, no importa d\u00f3nde ni cu\u00e1ndo. Xincon trata a sus empleados como familia, lo que me hace sentir muy c\u00f3moda y bienvenida. Gracias Xincon.\u00bb<\/em><\/p>\n<p><strong>Lian, Rong<\/strong><\/p>\n<hr \/>\n<p><em>\u00abEl personal de Xincon es muy servicial y amistoso. Cuando no tengo un caso asignado, Xincon siempre intenta darme alg\u00fan trabajo de reemplazo.\u00bb<\/em><\/p>\n<p><strong>Estevez, Vianca (Aide)<\/strong><\/p>\n<hr \/>\n<p><em>\u00abMe siento bien con el excelente servicio, con la instituci\u00f3n y con la amabilidad y bondad de los empleados hacia m\u00ed. Siempre me hacen sentir bienvenida cuando me contacto con ellos.\u00bb<\/em><\/p>\n<p><strong>Patricia Acosta<\/strong><\/p>\n<hr \/>\n<p><em>\u00abXincon es diferente a otras agencias de atenci\u00f3n a domicilio. A menudo visito la oficina de Xincon ya que el personal es tan amistoso y c\u00e1lido, por no mencionar lo serviciales que son.\u00bb<\/em><\/p>\n<p><strong>Chen Rong<\/strong><\/p>\n<hr \/>\n<p><em>\u00abGracias Xincon por ayudarnos en estos a\u00f1os. Me gustar\u00eda agradecer en especial a la coordinadora Sra. Jiang. Su trabajo responsable, su calidez y consideraci\u00f3n son de gran ayuda y confort para m\u00ed.\u00bb<\/em><\/p>\n<p><strong>Yan Teng<\/strong><\/p>\n<hr \/>\n<p>&nbsp;<\/p>\n<p><em>\u00abLa recepci\u00f3n es muy amable y entusiasta, a menudo me ayudan a encontrar reemplazos y me permiten tener un horario de trabajo flexible cuando debo ocuparme de mi familia.\u00bb<\/em><\/p>\n<p><strong>Yap, Leemei<\/strong><\/p>\n<hr \/>\n<p><em>\u00abHe trabajado en Xincon por m\u00e1s de 7 a\u00f1os. La compa\u00f1\u00eda es muy buena en todos los aspectos. Especialmente me gustan los coordinadores que me ayudan y permiten organizar horarios de trabajo que se adaptan a mi estilo de vida.\u00bb<\/em><\/p>\n<p><strong>Cuidador de Xincon<\/strong><\/p>\n","protected":false},"excerpt":{"rendered":"<p>Testimonios de cuidadores Aplique hoy \u00abHace casi 20 a\u00f1os que trabajo en diferentes agencias de atenci\u00f3n de la salud en el hogar. Xincon es la compa\u00f1\u00eda m\u00e1s profesional con la que he trabajado. Sus coordinadores son apasionados y siempre serviciales. Por ejemplo, Mandy Lin, una de la coordinadoras. Siempre me ayuda a encontrar una soluci\u00f3n, [&hellip;]<\/p>\n","protected":false},"author":3,"featured_media":0,"parent":0,"menu_order":230,"comment_status":"closed","ping_status":"closed","template":"","meta":{"_genesis_hide_title":false,"_genesis_hide_breadcrumbs":false,"_genesis_hide_singular_image":false,"_genesis_hide_footer_widgets":false,"_genesis_custom_body_class":"","_genesis_custom_post_class":"","_genesis_layout":"","footnotes":""},"class_list":{"0":"post-1872","1":"page","2":"type-page","3":"status-publish","5":"entry","6":"has-post-thumbnail"},"_links":{"self":[{"href":"https:\/\/xinconcare.com\/es\/wp-json\/wp\/v2\/pages\/1872\/"}],"collection":[{"href":"https:\/\/xinconcare.com\/es\/wp-json\/wp\/v2\/pages\/"}],"about":[{"href":"https:\/\/xinconcare.com\/es\/wp-json\/wp\/v2\/types\/page\/"}],"author":[{"embeddable":true,"href":"https:\/\/xinconcare.com\/es\/wp-json\/wp\/v2\/users\/3\/"}],"replies":[{"embeddable":true,"href":"https:\/\/xinconcare.com\/es\/wp-json\/wp\/v2\/comments\/?post=1872"}],"version-history":[{"count":11,"href":"https:\/\/xinconcare.com\/es\/wp-json\/wp\/v2\/pages\/1872\/revisions\/"}],"predecessor-version":[{"id":4791,"href":"https:\/\/xinconcare.com\/es\/wp-json\/wp\/v2\/pages\/1872\/revisions\/4791\/"}],"wp:attachment":[{"href":"https:\/\/xinconcare.com\/es\/wp-json\/wp\/v2\/media\/?parent=1872"}],"curies":[{"name":"wp","href":"https:\/\/api.w.org\/{rel}","templated":true}]}}