{"id":1893,"date":"2018-11-08T16:31:56","date_gmt":"2018-11-08T22:31:56","guid":{"rendered":"http:\/\/xincon.visule.net\/contact\/"},"modified":"2025-07-01T11:23:22","modified_gmt":"2025-07-01T15:23:22","slug":"contacto","status":"publish","type":"page","link":"https:\/\/xinconcare.com\/es\/contacto\/","title":{"rendered":"Contacto"},"content":{"rendered":"\n\n\t\t\t\t<img decoding=\"async\" src=\"https:\/\/www.xinconcare.com\/wp-content\/uploads\/2019\/01\/1600-hero-contact.jpg\" alt=\"Contact Xincon Home Health Care Services\" itemprop=\"image\" title=\"1600-hero-contact\" onerror=\"this.style.display='none'\" loading='lazy' \/>\n\t<h1>Cont\u00e1ctenos<\/h1>\n\t<h2>Ll\u00e1menos<\/h2>\n<p><strong>24 horas al d\u00eda\/7 d\u00edas a la semana<\/strong>\u00a0 \u00a0 \u00a0 \u00a0 \u00a0Tel: <strong><a href=\"tel:1-212-560-9218\">212-560-9218<\/a><\/strong>\u00a0 \u00a0 \u00a0 \u00a0 \u00a0Fax: <strong><a href=\"tel:1-212-560-9229\">212-560-9229<\/a><\/strong><\/p>\n\t<a href=\"mailto:info@xinconcare.com?subject=Inquiry&amp;body=Dear%20Team,%0APlease%20send%20more%20info.\"><br \/>\nContact Us info@xinconcare.com<br \/>\n<\/a>\n\n","protected":false},"excerpt":{"rendered":"<p>Cont\u00e1ctenos Ll\u00e1menos 24 horas al d\u00eda\/7 d\u00edas a la semana\u00a0 \u00a0 \u00a0 \u00a0 \u00a0Tel: 212-560-9218\u00a0 \u00a0 \u00a0 \u00a0 \u00a0Fax: 212-560-9229 Contact Us info@xinconcare.com<\/p>\n","protected":false},"author":3,"featured_media":0,"parent":0,"menu_order":500,"comment_status":"closed","ping_status":"closed","template":"","meta":{"_genesis_hide_title":false,"_genesis_hide_breadcrumbs":false,"_genesis_hide_singular_image":false,"_genesis_hide_footer_widgets":false,"_genesis_custom_body_class":"","_genesis_custom_post_class":"","_genesis_layout":"","footnotes":""},"class_list":{"0":"post-1893","1":"page","2":"type-page","3":"status-publish","5":"entry","6":"has-post-thumbnail"},"_links":{"self":[{"href":"https:\/\/xinconcare.com\/es\/wp-json\/wp\/v2\/pages\/1893\/"}],"collection":[{"href":"https:\/\/xinconcare.com\/es\/wp-json\/wp\/v2\/pages\/"}],"about":[{"href":"https:\/\/xinconcare.com\/es\/wp-json\/wp\/v2\/types\/page\/"}],"author":[{"embeddable":true,"href":"https:\/\/xinconcare.com\/es\/wp-json\/wp\/v2\/users\/3\/"}],"replies":[{"embeddable":true,"href":"https:\/\/xinconcare.com\/es\/wp-json\/wp\/v2\/comments\/?post=1893"}],"version-history":[{"count":8,"href":"https:\/\/xinconcare.com\/es\/wp-json\/wp\/v2\/pages\/1893\/revisions\/"}],"predecessor-version":[{"id":6576,"href":"https:\/\/xinconcare.com\/es\/wp-json\/wp\/v2\/pages\/1893\/revisions\/6576\/"}],"wp:attachment":[{"href":"https:\/\/xinconcare.com\/es\/wp-json\/wp\/v2\/media\/?parent=1893"}],"curies":[{"name":"wp","href":"https:\/\/api.w.org\/{rel}","templated":true}]}}