{"id":1898,"date":"2018-11-08T16:32:08","date_gmt":"2018-11-08T22:32:08","guid":{"rendered":"http:\/\/xincon.visule.net\/enroll\/"},"modified":"2023-03-28T13:17:38","modified_gmt":"2023-03-28T17:17:38","slug":"enroll","status":"publish","type":"page","link":"https:\/\/xinconcare.com\/es\/enroll\/","title":{"rendered":"Enroll"},"content":{"rendered":"\r\n\t\t\t\t<img loading=\"lazy\" decoding=\"async\" src=\"https:\/\/www.xinconcare.com\/wp-content\/uploads\/2019\/01\/1600-hero-enroll.jpg\" alt=\"Xincon Home Health Care Services\" itemprop=\"image\" height=\"420\" width=\"1600\" title=\"1600-hero-enroll\" onerror=\"this.style.display='none'\"  \/>\r\n\t<h1>Aplique hoy<\/h1>\r\n\t<h2>Aplique en Xincon<\/h2>\r\n<p>\u00a1Bienvenido\/a! Aqu\u00ed podr\u00e1 apuntarse a Xincon Care. Nos comprometemos a brindar servicios de calidad, atenci\u00f3n de\u00a0 salud domiciliaria personalizada para usted y su familia en la comodidad de su propio hogar.<\/p>\r\n<p>Por favor, complete el formulario. En breve nos contactaremos con usted.<\/p>\r\n\t<p><iframe name=\u2019search_result_new\u2019 height='500px' width='100%' frameborder='0' allowTransparency='true' scrolling='auto' src=https:\/\/creatorapp.zohopublic.com\/zoho_hang1\/accm\/form-embed\/Member_Enrollment\/sdFK6AuvFJnKdd9z36OBHT1dW6sdbBx7QtUahO5zSvAXOrQG4gMv5TWxbNbsg9MtHuTTVeRXzqCVsKXdbDH8OFKe07M07Vnnyhwa?Provider_Pool=2433797000029909032><\/iframe><\/p>\r\n","protected":false},"excerpt":{"rendered":"<p>Aplique hoy Aplique en Xincon \u00a1Bienvenido\/a! Aqu\u00ed podr\u00e1 apuntarse a Xincon Care. Nos comprometemos a brindar servicios de calidad, atenci\u00f3n de\u00a0 salud domiciliaria personalizada para usted y su familia en la comodidad de su propio hogar. Por favor, complete el formulario. En breve nos contactaremos con usted.<\/p>\n","protected":false},"author":3,"featured_media":0,"parent":0,"menu_order":1000,"comment_status":"closed","ping_status":"closed","template":"","meta":{"_genesis_hide_title":false,"_genesis_hide_breadcrumbs":false,"_genesis_hide_singular_image":false,"_genesis_hide_footer_widgets":false,"_genesis_custom_body_class":"","_genesis_custom_post_class":"","_genesis_layout":"","footnotes":""},"class_list":{"0":"post-1898","1":"page","2":"type-page","3":"status-publish","5":"entry","6":"has-post-thumbnail"},"_links":{"self":[{"href":"https:\/\/xinconcare.com\/es\/wp-json\/wp\/v2\/pages\/1898\/"}],"collection":[{"href":"https:\/\/xinconcare.com\/es\/wp-json\/wp\/v2\/pages\/"}],"about":[{"href":"https:\/\/xinconcare.com\/es\/wp-json\/wp\/v2\/types\/page\/"}],"author":[{"embeddable":true,"href":"https:\/\/xinconcare.com\/es\/wp-json\/wp\/v2\/users\/3\/"}],"replies":[{"embeddable":true,"href":"https:\/\/xinconcare.com\/es\/wp-json\/wp\/v2\/comments\/?post=1898"}],"version-history":[{"count":8,"href":"https:\/\/xinconcare.com\/es\/wp-json\/wp\/v2\/pages\/1898\/revisions\/"}],"predecessor-version":[{"id":5791,"href":"https:\/\/xinconcare.com\/es\/wp-json\/wp\/v2\/pages\/1898\/revisions\/5791\/"}],"wp:attachment":[{"href":"https:\/\/xinconcare.com\/es\/wp-json\/wp\/v2\/media\/?parent=1898"}],"curies":[{"name":"wp","href":"https:\/\/api.w.org\/{rel}","templated":true}]}}