{"id":1919,"date":"2018-11-09T11:14:43","date_gmt":"2018-11-09T17:14:43","guid":{"rendered":"http:\/\/xincon.visule.net\/acerca-de-xincon\/team\/"},"modified":"2023-07-26T11:36:27","modified_gmt":"2023-07-26T15:36:27","slug":"el-equipo-de-xincon","status":"publish","type":"page","link":"https:\/\/xinconcare.com\/es\/acerca-de-xincon\/el-equipo-de-xincon\/","title":{"rendered":"El equipo de Xincon"},"content":{"rendered":"\n\n\t\t\t\t<img loading=\"lazy\" decoding=\"async\" src=\"https:\/\/www.xinconcare.com\/wp-content\/uploads\/2019\/01\/1600-hero-xincon-team.jpg\" alt=\"Xincon Home Health Care Services Team\" itemprop=\"image\" height=\"420\" width=\"1600\" title=\"1600-hero-xincon-team\" onerror=\"this.style.display='none'\"  \/>\n\t<h1>El equipo de Xincon<\/h1>\n\t<a href=\"https:\/\/www.xinconcare.com\/es\/enroll\/\" rel=\"noopener\">Aplique hoy <\/a>\n\t\t\t<a href=\"#team-administration\" target=\"_self\" rel=\"nofollow noopener\">\n\t\t<h2>Administraci\u00f3n<\/h2>\n\t\t\t<p>Gestiona todas las funciones administrativas y garantiza un funcionamiento correcto.<\/p>\t\t\n\t\t<\/a>\n\t\t\t<a href=\"#team-hr\" target=\"_self\" rel=\"nofollow noopener\">\n\t\t<h2>Recursos humanos<\/h2>\n\t\t\t<p>Responsable de reclutar, contratar y capacitar a empleados nuevos y existentes de Xincon.<\/p>\t\t\n\t\t<\/a>\n\t\t\t<a href=\"#team-rn\" target=\"_self\" rel=\"nofollow noopener\">\n\t\t<h2>Departamento de enfermeras registradas<\/h2>\n\t\t\t<p>Administra y eval\u00faa todo el personal de enfermer\u00eda especializada y las operaciones de enfermer\u00eda.<\/p>\t\t\n\t\t<\/a>\n\t\t\t<a href=\"#team-case-mgmt\" target=\"_self\" rel=\"nofollow noopener\">\n\t\t<h2>Departamento de Manejo de Casos (Coordinaci\u00f3n)<\/h2>\n\t\t\t<p>Eval\u00faa a todos los nuevos clientes en la admisi\u00f3n; responsable de ayudar a los clientes en todo momento; vincula clientes con servicios de apoyo<\/p>\t\t\n\t\t<\/a>\n\t\t\t<a href=\"#team-customer-support\" target=\"_self\" rel=\"nofollow noopener\">\n\t\t<h2>Atenci\u00f3n al cliente y cumplimiento.<\/h2>\n\t\t\t<p>\u00a0Responde las preguntas de los clientes relacionadas con el servicio y mantiene los perfiles \/ registros de los empleados.<\/p>\t\t\n\t\t<\/a>\n\t\t\t<a href=\"#team-business-development\" target=\"_self\" rel=\"nofollow noopener\">\n\t\t<h2> Desarrollo de negocios y Mercadeo<\/h2>\n\t\t\t<p>\u00a0Ayuda a los posibles clientes a trav\u00e9s del proceso de solicitud.<\/p>\t\t\n\t\t<\/a>\n\t\t\t<a href=\"#team-social-services\" target=\"_self\" rel=\"nofollow noopener\">\n\t\t<h2>Servicio social y departamento de atenci\u00f3n al paciente.<\/h2>\n\t\t\t<p>\u00a0Ayuda a los clientes a solicitar y \/ o renovar los beneficios relacionados con medicaid, vivienda p\u00fablica, transporte y otros servicios sociales \/ programas de derechos.<\/p>\t\t\n\t\t<\/a>\n\t<h2>Administracion<\/h2>\n\t<h3><img loading=\"lazy\" decoding=\"async\" src=\"https:\/\/www.xinconcare.com\/wp-content\/uploads\/2018\/12\/Emmi-Chen.jpg\" alt=\"Emmi Chen\" width=\"175\" height=\"175\" \/><\/h3>\n<h3>Emmi Chen<\/h3>\n<p><em><strong>Administradora<\/strong><\/em><\/p>\n<p>La Sra. Chen, quien tiene una maestr\u00eda en educaci\u00f3n, tiene m\u00e1s de 10 a\u00f1os de experiencia en administraci\u00f3n en operaciones, capacitaci\u00f3n, reclutamiento, mercadeo y desarrollo comercial de agencias de cuidado en el hogar con licencia. La Sra. Chen administra las campa\u00f1as de marketing de Xincon, se conecta con las comunidades, los pacientes y los miembros de la familia, y ayuda a establecer la marca de Xincon en la comunidad. Ella se asegura de que los servicios de calidad se presten de manera eficiente y rentable para maximizar la satisfacci\u00f3n del cliente.<\/p>\n\t<h2>Recursos Humanos<\/h2>\n\t<h3><img loading=\"lazy\" decoding=\"async\" src=\"https:\/\/www.xinconcare.com\/wp-content\/uploads\/2022\/02\/IMG_71072.png\" alt=\"Vicky Lu\" width=\"175\" height=\"175\" \/><\/h3>\n<h3>Angel Huang<\/h3>\n<p><em><strong>Gerente de Recursos Humanos<\/strong><\/em><\/p>\n<p>La Sra. Huang es parte del Departamento de Recursos Humanos, sigue centrada en el desarrollo de un entorno en el que las personas pueden crecer y desarrollar exitosamente carreras profesionales.<\/p>\n\t<h2>Departamento de manejo de casos (Coordinaci\u00f3n)<\/h2>\n\t<h3><img loading=\"lazy\" decoding=\"async\" src=\"https:\/\/www.xinconcare.com\/wp-content\/uploads\/2019\/04\/Crystal-Teng-2-1-350x329.jpg\" alt=\"\" width=\"175\" height=\"165\" \/><\/h3>\n<h3>Crystal Teng<\/h3>\n<p><em><strong>Gerente de operaciones de servicio<\/strong><\/em><\/p>\n<p>Su objetivo es proporcionar la mejor calidad de servicios de atenci\u00f3n m\u00e9dica domiciliaria para satisfacer las necesidades del paciente en el d\u00eda a d\u00eda.<\/p>\n\n","protected":false},"excerpt":{"rendered":"<p>El equipo de Xincon Aplique hoy Administraci\u00f3n Gestiona todas las funciones administrativas y garantiza un funcionamiento correcto. Recursos humanos Responsable de reclutar, contratar y capacitar a empleados nuevos y existentes de Xincon. Departamento de enfermeras registradas Administra y eval\u00faa todo el personal de enfermer\u00eda especializada y las operaciones de enfermer\u00eda. Departamento de Manejo de Casos [&hellip;]<\/p>\n","protected":false},"author":3,"featured_media":0,"parent":1735,"menu_order":120,"comment_status":"closed","ping_status":"closed","template":"","meta":{"_genesis_hide_title":false,"_genesis_hide_breadcrumbs":false,"_genesis_hide_singular_image":false,"_genesis_hide_footer_widgets":false,"_genesis_custom_body_class":"","_genesis_custom_post_class":"","_genesis_layout":"","footnotes":""},"class_list":{"0":"post-1919","1":"page","2":"type-page","3":"status-publish","5":"entry","6":"has-post-thumbnail"},"_links":{"self":[{"href":"https:\/\/xinconcare.com\/es\/wp-json\/wp\/v2\/pages\/1919\/"}],"collection":[{"href":"https:\/\/xinconcare.com\/es\/wp-json\/wp\/v2\/pages\/"}],"about":[{"href":"https:\/\/xinconcare.com\/es\/wp-json\/wp\/v2\/types\/page\/"}],"author":[{"embeddable":true,"href":"https:\/\/xinconcare.com\/es\/wp-json\/wp\/v2\/users\/3\/"}],"replies":[{"embeddable":true,"href":"https:\/\/xinconcare.com\/es\/wp-json\/wp\/v2\/comments\/?post=1919"}],"version-history":[{"count":15,"href":"https:\/\/xinconcare.com\/es\/wp-json\/wp\/v2\/pages\/1919\/revisions\/"}],"predecessor-version":[{"id":6019,"href":"https:\/\/xinconcare.com\/es\/wp-json\/wp\/v2\/pages\/1919\/revisions\/6019\/"}],"up":[{"embeddable":true,"href":"https:\/\/xinconcare.com\/es\/wp-json\/wp\/v2\/pages\/1735\/"}],"wp:attachment":[{"href":"https:\/\/xinconcare.com\/es\/wp-json\/wp\/v2\/media\/?parent=1919"}],"curies":[{"name":"wp","href":"https:\/\/api.w.org\/{rel}","templated":true}]}}