{"id":2724,"date":"2019-02-07T11:41:35","date_gmt":"2019-02-07T17:41:35","guid":{"rendered":"https:\/\/www.xinconcare.com\/?page_id=2724"},"modified":"2019-02-07T14:38:17","modified_gmt":"2019-02-07T20:38:17","slug":"politica-de-privacidad","status":"publish","type":"page","link":"https:\/\/xinconcare.com\/es\/politica-de-privacidad\/","title":{"rendered":"Pol\u00edtica de privacidad"},"content":{"rendered":"<p class=\"p1\"><span class=\"s1\">Xincon Home-HealthCare Services, Inc opera el sitio web https: \/\/www.xinconcare.com\/, que proporciona el SERVICIO. <\/span><\/p>\n<p class=\"p1\"><span class=\"s1\">Esta p\u00e1gina se utiliza para informar a los visitantes del sitio web sobre nuestras pol\u00edticas con la recopilaci\u00f3n, el uso y la divulgaci\u00f3n de informaci\u00f3n personal si alguien decide utilizar nuestro Servicio, el sitio web de Xincon. <\/span><\/p>\n<p class=\"p1\"><span class=\"s1\">Si elige usar nuestro Servicio, entonces acepta la recopilaci\u00f3n y el uso de la informaci\u00f3n relacionada con esta pol\u00edtica. La informaci\u00f3n personal que recopilamos se utiliza para proporcionar y mejorar el servicio. No utilizaremos ni compartiremos su informaci\u00f3n con nadie, excepto como se describe en esta Pol\u00edtica de privacidad. <\/span><\/p>\n<p class=\"p1\"><span class=\"s1\">Los t\u00e9rminos utilizados en esta Pol\u00edtica de privacidad tienen los mismos significados que en nuestros T\u00e9rminos y condiciones, que se encuentran disponibles en https:\/\/www.xinconcare.com\/, a menos que se defina lo contrario en esta Pol\u00edtica de privacidad. Nuestra Pol\u00edtica de Privacidad se cre\u00f3 con la ayuda de la Plantilla de Pol\u00edtica de Privacidad y la Plantilla de T\u00e9rminos y Condiciones.<\/span><\/p>\n<p class=\"p1\"><span class=\"s1\"> Recopilaci\u00f3n y uso de informaci\u00f3n <\/span><\/p>\n<p class=\"p1\"><span class=\"s1\">Para una mejor experiencia al utilizar nuestro Servicio, es posible que le solicitemos que nos proporcione cierta informaci\u00f3n de identificaci\u00f3n personal, que incluye, entre otros, su nombre, n\u00famero de tel\u00e9fono y direcci\u00f3n postal. La informaci\u00f3n que recopilamos se utilizar\u00e1 para contactarlo o identificarlo.<\/span><\/p>\n<p class=\"p1\"><span class=\"s1\"> Dato de registro <\/span><\/p>\n<p class=\"p1\"><span class=\"s1\">Queremos informarle que cada vez que visite nuestro Servicio, recopilamos la informaci\u00f3n que su navegador nos env\u00eda, que se llama Datos de registro. Estos datos de registro pueden incluir informaci\u00f3n como la direcci\u00f3n del Protocolo de Internet (\u00abIP\u00bb) de su computadora, la versi\u00f3n del navegador, las p\u00e1ginas de nuestro Servicio que visite, la fecha y hora de su visita, el tiempo dedicado a esas p\u00e1ginas y otras estad\u00edsticas. <\/span><\/p>\n<p class=\"p1\"><span class=\"s1\">Galletas <\/span><\/p>\n<p class=\"p1\"><span class=\"s1\">Las cookies son archivos con una peque\u00f1a cantidad de datos que se utilizan com\u00fanmente como un identificador \u00fanico an\u00f3nimo. Estos se env\u00edan a su navegador desde el sitio web que visita y se almacenan en el disco duro de su computadora. Nuestro sitio web utiliza estas \u00abcookies\u00bb para recopilar informaci\u00f3n y mejorar nuestro Servicio. Tiene la opci\u00f3n de aceptar o rechazar estas cookies y saber cu\u00e1ndo se env\u00eda una cookie a su computadora. Si decide rechazar nuestras cookies, es posible que no pueda utilizar algunas partes de nuestro Servicio. <\/span><\/p>\n<p class=\"p1\"><span class=\"s1\">Proveedores de servicio<\/span><\/p>\n<p class=\"p1\"><span class=\"s1\"> Es posible que contratemos a empresas y personas de terceros debido a las siguientes razones:<\/span><\/p>\n<p class=\"p2\"><span class=\"s2\"><br \/>\n<\/span><span class=\"s3\">\u2022 Facilitar nuestro Servicio; <\/span><\/p>\n<p class=\"p1\"><span class=\"s1\">\u2022 Para proporcionar el Servicio en nuestro nombre; <\/span><\/p>\n<p class=\"p1\"><span class=\"s1\">\u2022 Para realizar servicios relacionados con el servicio; o <\/span><\/p>\n<p class=\"p1\"><span class=\"s1\">\u2022 Para ayudarnos a analizar c\u00f3mo se utiliza nuestro Servicio.<\/span><\/p>\n<p class=\"p1\"><span class=\"s1\"> Queremos informar a nuestros usuarios del Servicio que estos terceros tienen acceso a su Informaci\u00f3n personal. El motivo es realizar las tareas asignadas a ellos en nuestro nombre. Sin embargo, est\u00e1n obligados a no divulgar o utilizar la informaci\u00f3n para ning\u00fan otro prop\u00f3sito. <\/span><\/p>\n<p class=\"p1\"><span class=\"s1\">Seguridad<\/span><\/p>\n<p class=\"p1\"><span class=\"s1\"> Valoramos su confianza al proporcionarnos su informaci\u00f3n personal, por lo que nos esforzamos por utilizar medios comercialmente aceptables para protegerla. Pero recuerde que ning\u00fan m\u00e9todo de transmisi\u00f3n a trav\u00e9s de Internet o de almacenamiento electr\u00f3nico es 100% seguro y confiable, y no podemos garantizar su seguridad absoluta. Enlaces a otros sitios Nuestro Servicio puede contener enlaces a otros sitios. Si hace clic en un enlace de terceros, se le dirigir\u00e1 a ese sitio. Tenga en cuenta que estos sitios externos no son operados por nosotros. Por lo tanto, le recomendamos encarecidamente que revise la Pol\u00edtica de privacidad de estos sitios web. No tenemos control ni asumimos responsabilidad alguna por el contenido, las pol\u00edticas de privacidad o las pr\u00e1cticas de los sitios o servicios de terceros. <\/span><\/p>\n<p class=\"p1\"><span class=\"s1\">Privacidad de los ni\u00f1os <\/span><\/p>\n<p class=\"p1\"><span class=\"s1\">Nuestros Servicios no se dirigen a personas menores de 13 a\u00f1os. No recopilamos, a sabiendas, informaci\u00f3n de identificaci\u00f3n personal de ni\u00f1os menores de 13 a\u00f1os. En el caso de que descubramos que un ni\u00f1o menor de 13 a\u00f1os nos ha proporcionado informaci\u00f3n personal, lo eliminamos de inmediato de nuestros servidores. Si usted es un padre o tutor y sabe que su hijo nos ha proporcionado informaci\u00f3n personal, comun\u00edquese con nosotros para que podamos realizar las acciones necesarias.<\/span><\/p>\n<p class=\"p1\"><span class=\"s1\"> Cambios a esta pol\u00edtica de privacidad <\/span><\/p>\n<p class=\"p1\"><span class=\"s1\">Podemos actualizar nuestra Pol\u00edtica de Privacidad de vez en cuando. Por lo tanto, le recomendamos que revise esta p\u00e1gina peri\u00f3dicamente para cualquier cambio. Estos cambios entrar\u00e1n en vigencia inmediatamente despu\u00e9s de que se publiquen en esta p\u00e1gina. <\/span><\/p>\n<p class=\"p1\"><span class=\"s1\">Cont\u00e1ctenos <\/span><\/p>\n<p class=\"p2\"><span class=\"s3\">Si tiene alguna pregunta o sugerencia sobre nuestra Pol\u00edtica de privacidad, no dude en ponerse en contacto con nosotros.<\/span><span class=\"s2\">\u00a0<\/span><\/p>\n","protected":false},"excerpt":{"rendered":"<p>Xincon Home-HealthCare Services, Inc opera el sitio web https: \/\/www.xinconcare.com\/, que proporciona el SERVICIO. Esta p\u00e1gina se utiliza para informar a los visitantes del sitio web sobre nuestras pol\u00edticas con la recopilaci\u00f3n, el uso y la divulgaci\u00f3n de informaci\u00f3n personal si alguien decide utilizar nuestro Servicio, el sitio web de Xincon. Si elige usar nuestro [&hellip;]<\/p>\n","protected":false},"author":4,"featured_media":0,"parent":0,"menu_order":0,"comment_status":"closed","ping_status":"closed","template":"","meta":{"_genesis_hide_title":false,"_genesis_hide_breadcrumbs":false,"_genesis_hide_singular_image":false,"_genesis_hide_footer_widgets":false,"_genesis_custom_body_class":"","_genesis_custom_post_class":"","_genesis_layout":"","footnotes":""},"class_list":{"0":"post-2724","1":"page","2":"type-page","3":"status-publish","5":"entry"},"_links":{"self":[{"href":"https:\/\/xinconcare.com\/es\/wp-json\/wp\/v2\/pages\/2724\/"}],"collection":[{"href":"https:\/\/xinconcare.com\/es\/wp-json\/wp\/v2\/pages\/"}],"about":[{"href":"https:\/\/xinconcare.com\/es\/wp-json\/wp\/v2\/types\/page\/"}],"author":[{"embeddable":true,"href":"https:\/\/xinconcare.com\/es\/wp-json\/wp\/v2\/users\/4\/"}],"replies":[{"embeddable":true,"href":"https:\/\/xinconcare.com\/es\/wp-json\/wp\/v2\/comments\/?post=2724"}],"version-history":[{"count":2,"href":"https:\/\/xinconcare.com\/es\/wp-json\/wp\/v2\/pages\/2724\/revisions\/"}],"predecessor-version":[{"id":2728,"href":"https:\/\/xinconcare.com\/es\/wp-json\/wp\/v2\/pages\/2724\/revisions\/2728\/"}],"wp:attachment":[{"href":"https:\/\/xinconcare.com\/es\/wp-json\/wp\/v2\/media\/?parent=2724"}],"curies":[{"name":"wp","href":"https:\/\/api.w.org\/{rel}","templated":true}]}}