{"id":4768,"date":"2020-08-26T16:57:16","date_gmt":"2020-08-26T21:57:16","guid":{"rendered":"https:\/\/xinconcare.com\/?page_id=4768"},"modified":"2020-09-09T10:08:35","modified_gmt":"2020-09-09T15:08:35","slug":"community","status":"publish","type":"page","link":"https:\/\/xinconcare.com\/es\/community\/","title":{"rendered":"Bienvenido a Xincon Senior Community"},"content":{"rendered":"\n\t\t\t\t<img loading=\"lazy\" decoding=\"async\" src=\"https:\/\/xinconcare.com\/wp-content\/uploads\/2020\/08\/xincon-senior-community.jpg\" alt=\"Xincon Senior Community\" itemprop=\"image\" height=\"420\" width=\"1600\" title=\"xincon-senior-community\" onerror=\"this.style.display='none'\"  \/>\n\t<h1><strong>Bienvenido a la communidad de adultos de Xincon<\/strong><\/h1>\n\t<p>Bievenido a la communidad de Xincon para personas mayores, adonde los miembros pueden alcanzar su maximo potencial.<\/p>\n<p>En Xincon, creemos que la jubilacion y el envejecimiento puede brindar oportunidades de crecimiento. En nuestra communidad nuestros adultos mayors lideran la communidad adonde el bienestar, el envejecimiento saludable y el aprendizaje a largo plazo son fomentadas a traves de muchas clases y actividades sociales.<\/p>\n<p>Te animamos a que te unas a nosotros para que puedas encontrar tu pasion, descubrir un nuevo interes o compartir tu conocimiento con tus compa\u00f1eros!<\/p>\n<p><a href=\"https:\/\/xinconcloud.synology.me\/photo\/share\/B8yyi076#!List\" target=\"_blank\" rel=\"noopener noreferrer\">d\u00e9pliant du programme <\/a><\/p>\n\t<iframe loading=\"lazy\" title=\"\u65b0\u5eb7\u793e\u533a \u9891\u9053\u7b80\u4ecb | Xincon Community Channel Promo Video\" width=\"500\" height=\"281\" src=\"https:\/\/www.youtube.com\/embed\/R_sQHyxfsCs?feature=oembed\" frameborder=\"0\" allow=\"accelerometer; autoplay; encrypted-media; gyroscope; picture-in-picture\" allowfullscreen><\/iframe>\n\t<h2>Community Preguntas frecuentes<\/h2>\n\t\t\t<a href=\"#\" id=\"fl-accordion--label-0\" tabindex=\"0\" aria-controls=\"fl-accordion--panel-0\">\u00bfLa comunidad virtual afectara mis servicios o programa social de adultos?<\/a>\n\t\t\t\t\t\t\t<a href=\"#\" id=\"fl-accordion--icon-0\" tabindex=\"0\" aria-controls=\"fl-accordion--panel-0\"><i>Expand<\/i><\/a>\n\t\t<p>\u00a1La comunidad virtual de Xincon nunca afectara tus servicios o tu programa social porque la comunidad virtual es totalmente gratis! Xincon nunca le cobrara a tu seguro por tu participaci\u00f3n.<\/p>\n\t\t\t<a href=\"#\" id=\"fl-accordion--label-1\" tabindex=\"0\" aria-controls=\"fl-accordion--panel-1\">\u00bfPodr\u00e1 yo explorar diferentes grupos, aunque yo pertenezca a un grupo espec\u00edfico?<\/a>\n\t\t\t\t\t\t\t<a href=\"#\" id=\"fl-accordion--icon-1\" tabindex=\"0\" aria-controls=\"fl-accordion--panel-1\"><i>Expand<\/i><\/a>\n\t\t<p>\u00a1Si! Cada miembro de la comunidad virtual de Xincon recibir\u00e1 una identificaci\u00f3n de miembro con su propio numero en cual so podr\u00e1 usar para chequear los eventos que estar\u00e1n en el portal de miembros. Si quisieras participar en uno de los eventos puedes ser participante sin importar a cu\u00e1l grupo perteneces.<\/p>\n\t\t\t<a href=\"#\" id=\"fl-accordion--label-2\" tabindex=\"0\" aria-controls=\"fl-accordion--panel-2\">\u00bfSe necesita que mi seguro apruebe mi elegibilidad?<\/a>\n\t\t\t\t\t\t\t<a href=\"#\" id=\"fl-accordion--icon-2\" tabindex=\"0\" aria-controls=\"fl-accordion--panel-2\"><i>Expand<\/i><\/a>\n\t\t<p>La comunidad virtual de Xincon es gratis, no se necesita que la aprobaci\u00f3n de tu seguro. Todo adulto mayor es bienvenido a unirse.\u00a0<\/p>\n\t\t\t<a href=\"#\" id=\"fl-accordion--label-3\" tabindex=\"0\" aria-controls=\"fl-accordion--panel-3\">\u00bfQui\u00e9n es elegible?<\/a>\n\t\t\t\t\t\t\t<a href=\"#\" id=\"fl-accordion--icon-3\" tabindex=\"0\" aria-controls=\"fl-accordion--panel-3\"><i>Expand<\/i><\/a>\n\t\t<p>Todos los adultos mayores de las edades 50 a\u00f1os o m\u00e1s pueden participar no importando si reciben servicios con Xincon o no.<\/p>\n\t\t\t<a href=\"#\" id=\"fl-accordion--label-4\" tabindex=\"0\" aria-controls=\"fl-accordion--panel-4\">\u00bfSi no s\u00e9 c\u00f3mo usar la aplicaci\u00f3n de zoom como me conectara?<\/a>\n\t\t\t\t\t\t\t<a href=\"#\" id=\"fl-accordion--icon-4\" tabindex=\"0\" aria-controls=\"fl-accordion--panel-4\"><i>Expand<\/i><\/a>\n\t\t<p>Para cada miembro que no sepa usar zoom tendremos una clase para ense\u00f1arles c\u00f3mo usar zoom y para ense\u00f1arles como entrar al portal adonde encontraras el enlace para cada evento y lo har\u00e1 m\u00e1s f\u00e1cil para entrar al grupo.<\/p>\n\t\t\t<a href=\"#\" id=\"fl-accordion--label-5\" tabindex=\"0\" aria-controls=\"fl-accordion--panel-5\">\u00bfNo tengo un celular inteligente o una computadora, como me puedo unir?<\/a>\n\t\t\t\t\t\t\t<a href=\"#\" id=\"fl-accordion--icon-5\" tabindex=\"0\" aria-controls=\"fl-accordion--panel-5\"><i>Expand<\/i><\/a>\n\t\t<p>Para los miembros que no tienen computadora, tableta o celular inteligente podr\u00e1n unirse a la comunidad virtual por tel\u00e9fono aun quesea tel\u00e9fono de casa. Les ense\u00f1aremos como llamar y entrar a la l\u00ednea.\u00a0<\/p>\n\t<h2>Iniciar Sesi\u00f3n<\/h2>\n\t<p><a href=\"https:\/\/creator.zohopublic.com\/zoho_hang1\/accm\/form-perma\/Mobile_Member_Login\/WWjtZH7tUfd5An0ND31sUBrCZBWddw8qAm021bs6SsAwt8vRMVa2uJbzhCPGSbBknNFDSwROhJqVru0CubPppv0bzwAtEvC87rVH\" target=\"_blank\" rel=\"noopener noreferrer\">haga clic aqu\u00ed <\/a><\/p>\n\t<iframe loading=\"lazy\" src=\"https:\/\/creator.zohopublic.com\/zoho_hang1\/accm\/form-embed\/Provider_Login\/2EJD5DzNBAu72WmpgyvkP10P8h96F9PufK1W319yekAhef6Jr3MaOnyGFwKgOssQj3mQgYa3nJ69JHekXNEw9y3NsAYnJEbRnFs2\" width=\"100%\" height=\"1000px\" frameborder=\" scrolling=\"><\/iframe>\n","protected":false},"excerpt":{"rendered":"<p>Bienvenido a la communidad de adultos de Xincon Bievenido a la communidad de Xincon para personas mayores, adonde los miembros pueden alcanzar su maximo potencial. En Xincon, creemos que la jubilacion y el envejecimiento puede brindar oportunidades de crecimiento. En nuestra communidad nuestros adultos mayors lideran la communidad adonde el bienestar, el envejecimiento saludable y [&hellip;]<\/p>\n","protected":false},"author":3,"featured_media":0,"parent":0,"menu_order":0,"comment_status":"closed","ping_status":"closed","template":"","meta":{"_genesis_hide_title":false,"_genesis_hide_breadcrumbs":false,"_genesis_hide_singular_image":false,"_genesis_hide_footer_widgets":false,"_genesis_custom_body_class":"","_genesis_custom_post_class":"","_genesis_layout":"","footnotes":""},"class_list":{"0":"post-4768","1":"page","2":"type-page","3":"status-publish","5":"entry","6":"has-post-thumbnail"},"_links":{"self":[{"href":"https:\/\/xinconcare.com\/es\/wp-json\/wp\/v2\/pages\/4768\/"}],"collection":[{"href":"https:\/\/xinconcare.com\/es\/wp-json\/wp\/v2\/pages\/"}],"about":[{"href":"https:\/\/xinconcare.com\/es\/wp-json\/wp\/v2\/types\/page\/"}],"author":[{"embeddable":true,"href":"https:\/\/xinconcare.com\/es\/wp-json\/wp\/v2\/users\/3\/"}],"replies":[{"embeddable":true,"href":"https:\/\/xinconcare.com\/es\/wp-json\/wp\/v2\/comments\/?post=4768"}],"version-history":[{"count":11,"href":"https:\/\/xinconcare.com\/es\/wp-json\/wp\/v2\/pages\/4768\/revisions\/"}],"predecessor-version":[{"id":4815,"href":"https:\/\/xinconcare.com\/es\/wp-json\/wp\/v2\/pages\/4768\/revisions\/4815\/"}],"wp:attachment":[{"href":"https:\/\/xinconcare.com\/es\/wp-json\/wp\/v2\/media\/?parent=4768"}],"curies":[{"name":"wp","href":"https:\/\/api.w.org\/{rel}","templated":true}]}}