{"id":5182,"date":"2021-07-06T14:55:15","date_gmt":"2021-07-06T19:55:15","guid":{"rendered":"https:\/\/www.xinconcare.com\/?page_id=5182"},"modified":"2021-07-06T14:55:15","modified_gmt":"2021-07-06T19:55:15","slug":"nuevo-registro-de-ayudantes","status":"publish","type":"page","link":"https:\/\/xinconcare.com\/es\/nuevo-registro-de-ayudantes\/","title":{"rendered":"Nuevo registro de ayudantes"},"content":{"rendered":"<script type=\"text\/javascript\">var gform;gform||(document.addEventListener(\"gform_main_scripts_loaded\",function(){gform.scriptsLoaded=!0}),window.addEventListener(\"DOMContentLoaded\",function(){gform.domLoaded=!0}),gform={domLoaded:!1,scriptsLoaded:!1,initializeOnLoaded:function(o){gform.domLoaded&&gform.scriptsLoaded?o():!gform.domLoaded&&gform.scriptsLoaded?window.addEventListener(\"DOMContentLoaded\",o):document.addEventListener(\"gform_main_scripts_loaded\",o)},hooks:{action:{},filter:{}},addAction:function(o,n,r,t){gform.addHook(\"action\",o,n,r,t)},addFilter:function(o,n,r,t){gform.addHook(\"filter\",o,n,r,t)},doAction:function(o){gform.doHook(\"action\",o,arguments)},applyFilters:function(o){return gform.doHook(\"filter\",o,arguments)},removeAction:function(o,n){gform.removeHook(\"action\",o,n)},removeFilter:function(o,n,r){gform.removeHook(\"filter\",o,n,r)},addHook:function(o,n,r,t,i){null==gform.hooks[o][n]&&(gform.hooks[o][n]=[]);var e=gform.hooks[o][n];null==i&&(i=n+\"_\"+e.length),gform.hooks[o][n].push({tag:i,callable:r,priority:t=null==t?10:t})},doHook:function(n,o,r){var t;if(r=Array.prototype.slice.call(r,1),null!=gform.hooks[n][o]&&((o=gform.hooks[n][o]).sort(function(o,n){return o.priority-n.priority}),o.forEach(function(o){\"function\"!=typeof(t=o.callable)&&(t=window[t]),\"action\"==n?t.apply(null,r):r[0]=t.apply(null,r)})),\"filter\"==n)return r[0]},removeHook:function(o,n,t,i){var r;null!=gform.hooks[o][n]&&(r=(r=gform.hooks[o][n]).filter(function(o,n,r){return!!(null!=i&&i!=o.tag||null!=t&&t!=o.priority)}),gform.hooks[o][n]=r)}});<\/script>\n                <div class='gf_browser_gecko gform_wrapper gform_legacy_markup_wrapper' id='gform_wrapper_18' ><form method='post' enctype='multipart\/form-data'  id='gform_18'  action='\/es\/wp-json\/wp\/v2\/pages\/5182\/' novalidate>\n                        <div class='gform_body gform-body'><ul id='gform_fields_18' class='gform_fields top_label form_sublabel_below description_below'><li id=\"field_18_1\"  class=\"gfield gfield_contains_required field_sublabel_below field_description_below gfield_visibility_visible\"  data-js-reload=\"field_18_1\"><label class='gfield_label gfield_label_before_complex'  >nombre<span class=\"gfield_required\"><span class=\"gfield_required gfield_required_asterisk\">*<\/span><\/span><\/label><div class='ginput_complex ginput_container no_prefix has_first_name no_middle_name has_last_name no_suffix gf_name_has_2 ginput_container_name' id='input_18_1'>\n                            \n                            <span id='input_18_1_3_container' class='name_first' >\n                                                    <input type='text' name='input_1.3' id='input_18_1_3' value=''   aria-required='true'     \/>\n                                                    <label for='input_18_1_3' >primer nombre<\/label>\n                                                <\/span>\n                            \n                            <span id='input_18_1_6_container' class='name_last' >\n                                                    <input type='text' name='input_1.6' id='input_18_1_6' value=''   aria-required='true'     \/>\n                                                    <label for='input_18_1_6' >apellido<\/label>\n                                                <\/span>\n                            \n                        <\/div><\/li><li id=\"field_18_2\"  class=\"gfield field_sublabel_below field_description_below gfield_visibility_visible\"  data-js-reload=\"field_18_2\"><label class='gfield_label' for='input_18_2' >Email<\/label><div class='ginput_container ginput_container_email'>\n                            <input name='input_2' id='input_18_2' type='email' value='' class='medium'     aria-invalid=\"false\"  \/>\n                        <\/div><\/li><li id=\"field_18_3\"  class=\"gfield field_sublabel_below field_description_below gfield_visibility_visible\"  data-js-reload=\"field_18_3\"><label class='gfield_label' for='input_18_3' >fecha de nacimiento<\/label><div class='ginput_container ginput_container_date'>\n                            <input name='input_3' id='input_18_3' type='text' value='' class='datepicker mdy datepicker_no_icon gdatepicker-no-icon'   placeholder='mm\/dd\/aaaa' aria-describedby=\"input_18_3_date_format\" aria-invalid=\"false\" \/>\n                            <span id='input_18_3_date_format' class='screen-reader-text'>MM barra DD barra AAAA<\/span>\n                        <\/div>\n                        <input type='hidden' id='gforms_calendar_icon_input_18_3' class='gform_hidden' value='https:\/\/xinconcare.com\/wp-content\/plugins\/gravityforms\/images\/datepicker\/datepicker.svg'\/><\/li><li id=\"field_18_4\"  class=\"gfield field_sublabel_below field_description_below gfield_visibility_visible\"  data-js-reload=\"field_18_4\"><label class='gfield_label gfield_label_before_complex'  >habla a<\/label>    \n                    <div class='ginput_complex ginput_container has_street has_street2 has_city has_state has_zip ginput_container_address' id='input_18_4' >\n                         <span class='ginput_full address_line_1 ginput_address_line_1' id='input_18_4_1_container' >\n                                        <input type='text' name='input_4.1' id='input_18_4_1' value=''    aria-required='false'    \/>\n                                        <label for='input_18_4_1' id='input_18_4_1_label' >Direcci\u00f3n<\/label>\n                                    <\/span><span class='ginput_full address_line_2 ginput_address_line_2' id='input_18_4_2_container' >\n                                        <input type='text' name='input_4.2' id='input_18_4_2' value=''     aria-required='false'   \/>\n                                        <label for='input_18_4_2' id='input_18_4_2_label' >Direcci\u00f3n 2<\/label>\n                                    <\/span><span class='ginput_left address_city ginput_address_city' id='input_18_4_3_container' >\n                                    <input type='text' name='input_4.3' id='input_18_4_3' value=''    aria-required='false'    \/>\n                                    <label for='input_18_4_3' id='input_18_4_3_label' >Ciudad<\/label>\n                                 <\/span><span class='ginput_right address_state ginput_address_state' id='input_18_4_4_container' >\n                                        <select name='input_4.4' id='input_18_4_4'     aria-required='false'    ><option value='' ><\/option><option value='Alabama' >Alabama<\/option><option value='Alaska' >Alaska<\/option><option value='Samoa Americana' >Samoa Americana<\/option><option value='Arizona' >Arizona<\/option><option value='Arkansas' >Arkansas<\/option><option value='California' >California<\/option><option value='Colorado' >Colorado<\/option><option value='Connecticut' >Connecticut<\/option><option value='Delaware' >Delaware<\/option><option value='District of Columbia' >District of Columbia<\/option><option value='Florida' >Florida<\/option><option value='Georgia' >Georgia<\/option><option value='Guam' >Guam<\/option><option value='Hawaii' >Hawaii<\/option><option value='Idaho' >Idaho<\/option><option value='Illinois' >Illinois<\/option><option value='Indiana' >Indiana<\/option><option value='Iowa' >Iowa<\/option><option value='Kansas' >Kansas<\/option><option value='Kentucky' >Kentucky<\/option><option value='Louisiana' >Louisiana<\/option><option value='Maine' >Maine<\/option><option value='Maryland' >Maryland<\/option><option value='Massachusetts' >Massachusetts<\/option><option value='Michigan' >Michigan<\/option><option value='Minnesota' >Minnesota<\/option><option value='Mississippi' >Mississippi<\/option><option value='Missouri' >Missouri<\/option><option value='Montana' >Montana<\/option><option value='Nebraska' >Nebraska<\/option><option value='Nevada' >Nevada<\/option><option value='New Hampshire' >New Hampshire<\/option><option value='New Jersey' >New Jersey<\/option><option value='New Mexico' >New Mexico<\/option><option value='New York' selected='selected'>New York<\/option><option value='North Carolina' >North Carolina<\/option><option value='North Dakota' >North Dakota<\/option><option value='Islas Marianas del Norte' >Islas Marianas del Norte<\/option><option value='Ohio' >Ohio<\/option><option value='Oklahoma' >Oklahoma<\/option><option value='Oregon' >Oregon<\/option><option value='Pennsylvania' >Pennsylvania<\/option><option value='Puerto Rico' >Puerto Rico<\/option><option value='Rhode Island' >Rhode Island<\/option><option value='South Carolina' >South Carolina<\/option><option value='South Dakota' >South Dakota<\/option><option value='Tennessee' >Tennessee<\/option><option value='Texas' >Texas<\/option><option value='Utah' >Utah<\/option><option value='Islas V\u00edrgenes de los Estados Unidos' >Islas V\u00edrgenes de los Estados Unidos<\/option><option value='Vermont' >Vermont<\/option><option value='Virginia' >Virginia<\/option><option value='Washington' >Washington<\/option><option value='West Virginia' >West Virginia<\/option><option value='Wisconsin' >Wisconsin<\/option><option value='Wyoming' >Wyoming<\/option><option value='Armed Forces Americas' >Armed Forces Americas<\/option><option value='Armed Forces Europe' >Armed Forces Europe<\/option><option value='Armed Forces Pacific' >Armed Forces Pacific<\/option><\/select>\n                                        <label for='input_18_4_4' id='input_18_4_4_label' >Provincia<\/label>\n                                      <\/span><span class='ginput_left address_zip ginput_address_zip' id='input_18_4_5_container' >\n                                    <input type='text' name='input_4.5' id='input_18_4_5' value=''    aria-required='false'    \/>\n                                    <label for='input_18_4_5' id='input_18_4_5_label' >C\u00f3digo Postal<\/label>\n                                <\/span><input type='hidden' class='gform_hidden' name='input_4.6' id='input_18_4_6' value='United States' \/>\n                    <div class='gf_clear gf_clear_complex'><\/div>\n                <\/div><\/li><li id=\"field_18_5\"  class=\"gfield gfield_contains_required field_sublabel_below field_description_below gfield_visibility_visible\"  data-js-reload=\"field_18_5\"><label class='gfield_label' for='input_18_5' >n\u00famero de tel\u00e9fono<span class=\"gfield_required\"><span class=\"gfield_required gfield_required_asterisk\">*<\/span><\/span><\/label><div class='ginput_container ginput_container_phone'><input name='input_5' id='input_18_5' type='tel' value='' class='medium'   aria-required=\"true\" aria-invalid=\"false\"   \/><\/div><\/li><li id=\"field_18_7\"  class=\"gfield gfield_contains_required field_sublabel_below field_description_below gfield_visibility_visible\"  data-js-reload=\"field_18_7\"><label class='gfield_label gfield_label_before_complex'  >Lenguaje hablado<span class=\"gfield_required\"><span class=\"gfield_required gfield_required_asterisk\">*<\/span><\/span><\/label><div class='ginput_container ginput_container_checkbox'><ul class='gfield_checkbox' id='input_18_7'><li class='gchoice gchoice_18_7_1'>\n\t\t\t\t\t\t\t\t<input class='gfield-choice-input' name='input_7.1' type='checkbox'  value='Ingl\u00e9s'  id='choice_18_7_1'   \/>\n\t\t\t\t\t\t\t\t<label for='choice_18_7_1' id='label_18_7_1'>Ingl\u00e9s<\/label>\n\t\t\t\t\t\t\t<\/li><li class='gchoice gchoice_18_7_2'>\n\t\t\t\t\t\t\t\t<input class='gfield-choice-input' name='input_7.2' type='checkbox'  value='Espa\u00f1ol'  id='choice_18_7_2'   \/>\n\t\t\t\t\t\t\t\t<label for='choice_18_7_2' id='label_18_7_2'>Espa\u00f1ol<\/label>\n\t\t\t\t\t\t\t<\/li><li class='gchoice gchoice_18_7_3'>\n\t\t\t\t\t\t\t\t<input class='gfield-choice-input' name='input_7.3' type='checkbox'  value='Chino'  id='choice_18_7_3'   \/>\n\t\t\t\t\t\t\t\t<label for='choice_18_7_3' id='label_18_7_3'>Chino<\/label>\n\t\t\t\t\t\t\t<\/li><li class='gchoice gchoice_18_7_4'>\n\t\t\t\t\t\t\t\t<input class='gfield-choice-input' name='input_7.4' type='checkbox'  value='Ruso'  id='choice_18_7_4'   \/>\n\t\t\t\t\t\t\t\t<label for='choice_18_7_4' id='label_18_7_4'>Ruso<\/label>\n\t\t\t\t\t\t\t<\/li><li class='gchoice gchoice_18_7_5'>\n\t\t\t\t\t\t\t\t<input class='gfield-choice-input' name='input_7.5' type='checkbox'  value='Franc\u00e9s'  id='choice_18_7_5'   \/>\n\t\t\t\t\t\t\t\t<label for='choice_18_7_5' id='label_18_7_5'>Franc\u00e9s<\/label>\n\t\t\t\t\t\t\t<\/li><li class='gchoice gchoice_18_7_6'>\n\t\t\t\t\t\t\t\t<input class='gfield-choice-input' name='input_7.6' type='checkbox'  value='Coreano'  id='choice_18_7_6'   \/>\n\t\t\t\t\t\t\t\t<label for='choice_18_7_6' id='label_18_7_6'>Coreano<\/label>\n\t\t\t\t\t\t\t<\/li><li class='gchoice gchoice_18_7_7'>\n\t\t\t\t\t\t\t\t<input class='gfield-choice-input' name='input_7.7' type='checkbox'  value='Other'  id='choice_18_7_7'   \/>\n\t\t\t\t\t\t\t\t<label for='choice_18_7_7' id='label_18_7_7'>Other<\/label>\n\t\t\t\t\t\t\t<\/li><\/ul><\/div><\/li><li id=\"field_18_9\"  class=\"gfield field_sublabel_below field_description_below gfield_visibility_visible\"  data-js-reload=\"field_18_9\"><label class='gfield_label' for='input_18_9' >\u00bftiene certificado HHA \/ PCA?<\/label><div class='ginput_container ginput_container_select'><select name='input_9' id='input_18_9' class='medium gfield_select'     aria-invalid=\"false\" ><option value='s\u00ed' >s\u00ed<\/option><option value='No' >No<\/option><\/select><\/div><\/li><li id=\"field_18_13\"  class=\"gfield gfield_contains_required field_sublabel_below field_description_below gfield_visibility_visible\"  data-js-reload=\"field_18_13\"><label class='gfield_label' for='input_18_13' >Experiencia laboral<span class=\"gfield_required\"><span class=\"gfield_required gfield_required_asterisk\">*<\/span><\/span><\/label><div class='ginput_container ginput_container_select'><select name='input_13' id='input_18_13' class='medium gfield_select'    aria-required=\"true\" aria-invalid=\"false\" ><option value='No experiencia' >No experiencia<\/option><option value='Menos de 1 a\u00f1o' >Menos de 1 a\u00f1o<\/option><option value='M\u00e1s de 1 a\u00f1o' >M\u00e1s de 1 a\u00f1o<\/option><\/select><\/div><\/li><li id=\"field_18_12\"  class=\"gfield field_sublabel_below field_description_below gfield_visibility_visible\"  data-js-reload=\"field_18_12\"><label class='gfield_label gfield_label_before_complex'  >Lugares en los que est\u00e1s dispuesto a trabajar<\/label><div class='ginput_container ginput_container_checkbox'><ul class='gfield_checkbox' id='input_18_12'><li class='gchoice gchoice_18_12_1'>\n\t\t\t\t\t\t\t\t<input class='gfield-choice-input' name='input_12.1' type='checkbox'  value='Manhattan'  id='choice_18_12_1'   \/>\n\t\t\t\t\t\t\t\t<label for='choice_18_12_1' id='label_18_12_1'>Manhattan<\/label>\n\t\t\t\t\t\t\t<\/li><li class='gchoice gchoice_18_12_2'>\n\t\t\t\t\t\t\t\t<input class='gfield-choice-input' name='input_12.2' type='checkbox'  value='Queens'  id='choice_18_12_2'   \/>\n\t\t\t\t\t\t\t\t<label for='choice_18_12_2' id='label_18_12_2'>Queens<\/label>\n\t\t\t\t\t\t\t<\/li><li class='gchoice gchoice_18_12_3'>\n\t\t\t\t\t\t\t\t<input class='gfield-choice-input' name='input_12.3' type='checkbox'  value='Brooklyn'  id='choice_18_12_3'   \/>\n\t\t\t\t\t\t\t\t<label for='choice_18_12_3' id='label_18_12_3'>Brooklyn<\/label>\n\t\t\t\t\t\t\t<\/li><li class='gchoice gchoice_18_12_4'>\n\t\t\t\t\t\t\t\t<input class='gfield-choice-input' name='input_12.4' type='checkbox'  value='Bronx'  id='choice_18_12_4'   \/>\n\t\t\t\t\t\t\t\t<label for='choice_18_12_4' id='label_18_12_4'>Bronx<\/label>\n\t\t\t\t\t\t\t<\/li><li class='gchoice gchoice_18_12_5'>\n\t\t\t\t\t\t\t\t<input class='gfield-choice-input' name='input_12.5' type='checkbox'  value='Long Island'  id='choice_18_12_5'   \/>\n\t\t\t\t\t\t\t\t<label for='choice_18_12_5' id='label_18_12_5'>Long Island<\/label>\n\t\t\t\t\t\t\t<\/li><li class='gchoice gchoice_18_12_6'>\n\t\t\t\t\t\t\t\t<input class='gfield-choice-input' name='input_12.6' type='checkbox'  value='Staten Island'  id='choice_18_12_6'   \/>\n\t\t\t\t\t\t\t\t<label for='choice_18_12_6' id='label_18_12_6'>Staten Island<\/label>\n\t\t\t\t\t\t\t<\/li><\/ul><\/div><\/li><\/ul><\/div>\n        <div class='gform_footer top_label'> <input type='submit' id='gform_submit_button_18' class='gform_button button' value='Submit'  onclick='if(window[\"gf_submitting_18\"]){return false;}  if( !jQuery(\"#gform_18\")[0].checkValidity || jQuery(\"#gform_18\")[0].checkValidity()){window[\"gf_submitting_18\"]=true;}  ' onkeypress='if( event.keyCode == 13 ){ if(window[\"gf_submitting_18\"]){return false;} if( !jQuery(\"#gform_18\")[0].checkValidity || jQuery(\"#gform_18\")[0].checkValidity()){window[\"gf_submitting_18\"]=true;}  jQuery(\"#gform_18\").trigger(\"submit\",[true]); }' \/> \n            <input type='hidden' class='gform_hidden' name='is_submit_18' value='1' \/>\n            <input type='hidden' class='gform_hidden' name='gform_submit' value='18' \/>\n            \n            <input type='hidden' class='gform_hidden' name='gform_unique_id' value='' \/>\n            <input type='hidden' class='gform_hidden' name='state_18' value='WyJbXSIsIjI2NmNlZjJjMjg4OGM0ZmZhYTJjNGU5OGJlZWQ3MmFmIl0=' \/>\n            <input type='hidden' class='gform_hidden' name='gform_target_page_number_18' id='gform_target_page_number_18' value='0' \/>\n            <input type='hidden' class='gform_hidden' name='gform_source_page_number_18' id='gform_source_page_number_18' value='1' \/>\n            <input type='hidden' name='gform_field_values' value='' \/>\n            \n        <\/div>\n                        <\/form>\n                        <\/div>\n","protected":false},"excerpt":{"rendered":"","protected":false},"author":5,"featured_media":0,"parent":0,"menu_order":0,"comment_status":"closed","ping_status":"closed","template":"","meta":{"_genesis_hide_title":false,"_genesis_hide_breadcrumbs":false,"_genesis_hide_singular_image":false,"_genesis_hide_footer_widgets":false,"_genesis_custom_body_class":"","_genesis_custom_post_class":"","_genesis_layout":"","footnotes":""},"class_list":{"0":"post-5182","1":"page","2":"type-page","3":"status-publish","5":"entry"},"_links":{"self":[{"href":"https:\/\/xinconcare.com\/es\/wp-json\/wp\/v2\/pages\/5182\/"}],"collection":[{"href":"https:\/\/xinconcare.com\/es\/wp-json\/wp\/v2\/pages\/"}],"about":[{"href":"https:\/\/xinconcare.com\/es\/wp-json\/wp\/v2\/types\/page\/"}],"author":[{"embeddable":true,"href":"https:\/\/xinconcare.com\/es\/wp-json\/wp\/v2\/users\/5\/"}],"replies":[{"embeddable":true,"href":"https:\/\/xinconcare.com\/es\/wp-json\/wp\/v2\/comments\/?post=5182"}],"version-history":[{"count":1,"href":"https:\/\/xinconcare.com\/es\/wp-json\/wp\/v2\/pages\/5182\/revisions\/"}],"predecessor-version":[{"id":5183,"href":"https:\/\/xinconcare.com\/es\/wp-json\/wp\/v2\/pages\/5182\/revisions\/5183\/"}],"wp:attachment":[{"href":"https:\/\/xinconcare.com\/es\/wp-json\/wp\/v2\/media\/?parent=5182"}],"curies":[{"name":"wp","href":"https:\/\/api.w.org\/{rel}","templated":true}]}}