{"id":5639,"date":"2022-04-11T17:47:42","date_gmt":"2022-04-11T22:47:42","guid":{"rendered":"https:\/\/www.xinconcare.com\/?page_id=5639"},"modified":"2022-04-11T18:14:01","modified_gmt":"2022-04-11T23:14:01","slug":"5639-2","status":"publish","type":"page","link":"https:\/\/xinconcare.com\/es\/5639-2\/","title":{"rendered":""},"content":{"rendered":"<h2>\n\t\tPREGUNTAS FRECUENTES SOBRE EL CDPAP &#8211; Consumidores &#8211; Xincon\n\t<\/h2>\n\t\t\t<a href=\"#\" id=\"fl-accordion--label-0\" tabindex=\"0\" aria-controls=\"fl-accordion--panel-0\">\u00bfA qui\u00e9n puedo contratar como mi asistente personal?<\/a>\n\t\t\t\t\t\t\t<a href=\"#\" id=\"fl-accordion--icon-0\" tabindex=\"0\" aria-controls=\"fl-accordion--panel-0\"><i>Expand<\/i><\/a>\n\t\t<p>Como consumidor del Programa de asistencia personal dirigida por el consumidor (CDPAP) de Medicaid, usted buscar\u00e1, contratar\u00e1, coordinar\u00e1 y capacitar\u00e1 a su propio asistente personal, que puede ser un familiar, un amigo o un vecino que conozca y en quien conf\u00ede, con excepci\u00f3n de los siguientes parientes:<\/p>\n<p>el c\u00f3nyuge; (2)\u00a0el padre o la madre que cuide a un menor de 21\u00a0a\u00f1os, y (3)\u00a0un representante designado.<\/p>\n\t\t\t<a href=\"#\" id=\"fl-accordion--label-1\" tabindex=\"0\" aria-controls=\"fl-accordion--panel-1\">\u00bfQu\u00e9 es una intermediaria fiscal autorizada?<\/a>\n\t\t\t\t\t\t\t<a href=\"#\" id=\"fl-accordion--icon-1\" tabindex=\"0\" aria-controls=\"fl-accordion--panel-1\"><i>Expand<\/i><\/a>\n\t\t<p>El Departamento de Salud de Nueva York ha consolidado todas las agencias que prestan servicios de intermediaci\u00f3n fiscal.<\/p>\n<p>Sol\u00eda haber m\u00e1s de 1000\u00a0agencias; ahora, solo hay unas 70 en todo el Estado.<\/p>\n<p>Una agencia aprobada por el Departamento de Salud del Estado de Nueva York para prestar servicios de intermediaci\u00f3n fiscal ahora se llama \u201cintermediaria fiscal autorizada\u201d.<\/p>\n<p>Para ver una lista de intermediarias fiscales autorizadas aprobadas, haga clic aqu\u00ed<\/p>\n\t\t\t<a href=\"#\" id=\"fl-accordion--label-2\" tabindex=\"0\" aria-controls=\"fl-accordion--panel-2\">\u00bfPor qu\u00e9 podr\u00eda tener que elegir otra intermediaria fiscal autorizada?<\/a>\n\t\t\t\t\t\t\t<a href=\"#\" id=\"fl-accordion--icon-2\" tabindex=\"0\" aria-controls=\"fl-accordion--panel-2\"><i>Expand<\/i><\/a>\n\t\t<p>Si el Departamento de Salud no aprob\u00f3 a su agencia intermediaria fiscal original como una \u201cintermediaria fiscal autorizada\u201d, usted tendr\u00e1 que elegir una nueva \u201cintermediaria fiscal autorizada\u201d para que lo ayude a mantener y procesar la documentaci\u00f3n necesaria para el CDPAP, y los sueldos y beneficios de su asistente personal.<\/p>\n\t\t\t<a href=\"#\" id=\"fl-accordion--label-3\" tabindex=\"0\" aria-controls=\"fl-accordion--panel-3\">\u00bfPor qu\u00e9 deber\u00eda elegir a Xincon como mi intermediaria fiscal autorizada?<\/a>\n\t\t\t\t\t\t\t<a href=\"#\" id=\"fl-accordion--icon-3\" tabindex=\"0\" aria-controls=\"fl-accordion--panel-3\"><i>Expand<\/i><\/a>\n\t\t<p>Xincon tiene varios contratos de planes administrados y puede dar a los consumidores una transici\u00f3n fluida de su acuerdo actual.<\/p>\n<p>Xincon est\u00e1 aprobada para prestar servicios en los 62\u00a0condados del Estado de Nueva York.<\/p>\n<p>El sistema de solicitud en l\u00ednea de Xincon permite inscribir asistentes personales de manera eficiente.<\/p>\n<p>Acceso las 24\u00a0horas a un representante de atenci\u00f3n al cliente.<\/p>\n<p>Disponibilidad de una aplicaci\u00f3n m\u00f3vil y de un sistema de asistencia telef\u00f3nica.<\/p>\n<p>Pago semanal puntual con dep\u00f3sito directo y recibos de sueldo electr\u00f3nicos.<\/p>\n<p>Licencia por enfermedad con goce de sueldo, vacaciones pagas y un plan de jubilaci\u00f3n 401a para los asistentes personales.<\/p>\n\t\t\t<a href=\"#\" id=\"fl-accordion--label-4\" tabindex=\"0\" aria-controls=\"fl-accordion--panel-4\">\u00bfQu\u00e9 es el CDPAP?<\/a>\n\t\t\t\t\t\t\t<a href=\"#\" id=\"fl-accordion--icon-4\" tabindex=\"0\" aria-controls=\"fl-accordion--panel-4\"><i>Expand<\/i><\/a>\n\t\t<p>CDPAP significa {1&gt;Programa de asistencia personal dirigida por el consumidor&lt;1}, un programa estatal de Medicaid que ofrece una manera alternativa de recibir servicios de atenci\u00f3n a domicilio.<\/p>\n<p>El programa permite a las personas elegibles para Medicaid contratar, capacitar y coordinar a sus propios cuidadores con mucha m\u00e1s flexibilidad.<\/p>\n\t\t\t<a href=\"#\" id=\"fl-accordion--label-5\" tabindex=\"0\" aria-controls=\"fl-accordion--panel-5\">\u00bfSoy elegible para el CDPAP?<\/a>\n\t\t\t\t\t\t\t<a href=\"#\" id=\"fl-accordion--icon-5\" tabindex=\"0\" aria-controls=\"fl-accordion--panel-5\"><i>Expand<\/i><\/a>\n\t\t<p>Se deben cumplir los siguientes requisitos de elegibilidad para calificar para el CDPAP.<\/p>\n<p>Usted debe:<\/p>\n<p>1)\u00a0ser un beneficiario activo de Medicaid;<\/p>\n<p>(2)\u00a0vivir en Nueva York;<\/p>\n<p>(3)\u00a0tener una enfermedad estable que requiera atenci\u00f3n a domicilio, y<\/p>\n<p>(4)\u00a0poder dirigir su propia atenci\u00f3n o tener un representante designado que dirija la atenci\u00f3n en su nombre.<\/p>\n<p>Si cumple los criterios de arriba, es probable que sea elegible.<\/p>\n<p>No dude en comunicarse con nosotros, y lo ayudaremos con el proceso de inscripci\u00f3n.<\/p>\n\t\t\t<a href=\"#\" id=\"fl-accordion--label-6\" tabindex=\"0\" aria-controls=\"fl-accordion--panel-6\">\u00bfCu\u00e1l es la diferencia entre un asistente de cuidado personal y un asistente personal?<\/a>\n\t\t\t\t\t\t\t<a href=\"#\" id=\"fl-accordion--icon-6\" tabindex=\"0\" aria-controls=\"fl-accordion--panel-6\"><i>Expand<\/i><\/a>\n\t\t<p>Los asistentes de cuidado personal, o asistentes de servicios de salud a domicilio, tienen una certificaci\u00f3n del Departamento de Salud del Estado de Nueva York y, generalmente, son contratados por una agencia de atenci\u00f3n a domicilio para atender a los pacientes.<\/p>\n<p>A los asistentes personales los contratan los consumidores en el programa CDPAP.<\/p>\n<p>Los asistentes personales no necesitan obtener la certificaci\u00f3n del Departamento de Salud.<\/p>\n<p>Los asistentes personales pueden hacer tareas especializadas y no especializadas siempre que los dirijan los consumidores, mientras que los asistentes de cuidado personal solo pueden hacer tareas no especializadas, como cocinar, limpiar y ayudar con las actividades de la vida diaria.<\/p>\n<p>Los siguientes parientes NO PUEDEN ser asistentes personales: c\u00f3nyuge, padre ni madre, hijo, yerno, hija ni nuera, ni parientes que vivan con los pacientes.<\/p>\n<h2>\n\t\tMotivos para elegir Xincon como su intermediaria fiscal autorizada\n\t<\/h2>\n\t<p><a href=\"tel:1-212-560-9218\" target=\"_blank\" rel=\"noopener noreferrer\">212-560-9218 <\/a><a href=\"#apply\" rel=\"noopener\">Comprobar elegibilidad <\/a><\/p>\n\t<h3>\u00bfC\u00f3mo presento la solicitud<\/h3>\n<p>Complete este formulario, y un representante de Xincon se comunicar\u00e1 con usted en un plazo de 24\u00a0horas.<\/p>\n                <form method='post' enctype='multipart\/form-data' target='gform_ajax_frame_22' id='gform_22'  action='\/es\/?page_id=5639&#038;fl_builder#gf_22'>\n                        <ul id='gform_fields_22' class='gform_fields top_label form_sublabel_below description_below'><li id='field_22_1'  class='gfield gfield_contains_required field_sublabel_below field_description_below gfield_visibility_visible' ><label class='gfield_label' for='input_22_1' >Nombre*<\/label><input name='input_1' id='input_22_1' type='text' value='' class='large'   tabindex='100'  aria-required=\"true\" aria-invalid=\"false\" \/><\/li><li id='field_22_3'  class='gfield gfield_contains_required field_sublabel_below field_description_below gfield_visibility_visible' ><label class='gfield_label' for='input_22_3' >Tel\u00e9fono*<\/label><input name='input_3' id='input_22_3' type='text' value='' class='large'   tabindex='101'  aria-required=\"true\" aria-invalid=\"false\" \/><\/li><li id='field_22_2'  class='gfield gfield_contains_required field_sublabel_below field_description_below gfield_visibility_visible' ><label class='gfield_label' for='input_22_2' >Correo electr\u00f3nico*<\/label><input name='input_2' id='input_22_2' type='text' value='' class='large'   tabindex='102'  aria-required=\"true\" aria-invalid=\"false\" \/><\/li><li id='field_22_4'  class='gfield field_sublabel_below field_description_below gfield_visibility_visible' ><label class='gfield_label'  >\u00bfEs usted el paciente?<\/label><ul class='gfield_radio' id='input_22_4'><li class='gchoice_22_4_0'><input name='input_4' type='radio' value='Si'  id='choice_22_4_0' tabindex='103'   \/><label for='choice_22_4_0' id='label_22_4_0'>Si<\/label><\/li><li class='gchoice_22_4_1'><input name='input_4' type='radio' value='No'  id='choice_22_4_1' tabindex='104'   \/><label for='choice_22_4_1' id='label_22_4_1'>No<\/label><\/li><\/ul><\/li><li id='field_22_5'  class='gfield field_sublabel_below field_description_below gfield_visibility_visible' ><label class='gfield_label'  >\u00bfEs usted residente del estado de Nueva York?<\/label><ul class='gfield_radio' id='input_22_5'><li class='gchoice_22_5_0'><input name='input_5' type='radio' value='Si'  id='choice_22_5_0' tabindex='105'   \/><label for='choice_22_5_0' id='label_22_5_0'>Si<\/label><\/li><li class='gchoice_22_5_1'><input name='input_5' type='radio' value='No'  id='choice_22_5_1' tabindex='106'   \/><label for='choice_22_5_1' id='label_22_5_1'>No<\/label><\/li><\/ul><\/li><li id='field_22_6'  class='gfield field_sublabel_below field_description_below gfield_visibility_visible' ><label class='gfield_label'  >\u00bfEst\u00e1 usted inscrito en Medicaid?<\/label><ul class='gfield_radio' id='input_22_6'><li class='gchoice_22_6_0'><input name='input_6' type='radio' value='Si'  id='choice_22_6_0' tabindex='107'   \/><label for='choice_22_6_0' id='label_22_6_0'>Si<\/label><\/li><li class='gchoice_22_6_1'><input name='input_6' type='radio' value='No'  id='choice_22_6_1' tabindex='108'   \/><label for='choice_22_6_1' id='label_22_6_1'>No<\/label><\/li><li class='gchoice_22_6_2'><input name='input_6' type='radio' value='No s\u00e9'  id='choice_22_6_2' tabindex='109'   \/><label for='choice_22_6_2' id='label_22_6_2'>No s\u00e9<\/label><\/li><\/ul><\/li>\n                            <\/ul>\n         <input type='submit' id='gform_submit_button_22' class='gform_button button' value='Submit' tabindex='110' onclick='if(window[\"gf_submitting_22\"]){return false;}  if( !jQuery(\"#gform_22\")[0].checkValidity || jQuery(\"#gform_22\")[0].checkValidity()){window[\"gf_submitting_22\"]=true;}  ' onkeypress='if( event.keyCode == 13 ){ if(window[\"gf_submitting_22\"]){return false;} if( !jQuery(\"#gform_22\")[0].checkValidity || jQuery(\"#gform_22\")[0].checkValidity()){window[\"gf_submitting_22\"]=true;}  jQuery(\"#gform_22\").trigger(\"submit\",[true]); }' \/> <input type='hidden' name='gform_ajax' value='form_id=22&amp;title=&amp;description=1&amp;tabindex=100' \/>\n            <input type='hidden' class='gform_hidden' name='is_submit_22' value='1' \/>\n            <input type='hidden' class='gform_hidden' name='gform_submit' value='22' \/>\n            <input type='hidden' class='gform_hidden' name='gform_unique_id' value='' \/>\n            <input type='hidden' class='gform_hidden' name='state_22' value='WyJbXSIsIjI2NmNlZjJjMjg4OGM0ZmZhYTJjNGU5OGJlZWQ3MmFmIl0=' \/>\n            <input type='hidden' class='gform_hidden' name='gform_target_page_number_22' id='gform_target_page_number_22' value='0' \/>\n            <input type='hidden' class='gform_hidden' name='gform_source_page_number_22' id='gform_source_page_number_22' value='1' \/>\n            <input type='hidden' name='gform_field_values' value='' \/>\n                        <\/form>\n                <iframe style='display:none;width:0px;height:0px;' src='about:blank' name='gform_ajax_frame_22' id='gform_ajax_frame_22' title='Este iframe contiene la l\u00f3gica necesaria para gestionar formularios con ajax activado.'><\/iframe>\n","protected":false},"excerpt":{"rendered":"<p>PREGUNTAS FRECUENTES SOBRE EL CDPAP &#8211; Consumidores &#8211; Xincon \u00bfA qui\u00e9n puedo contratar como mi asistente personal? Expand Como consumidor del Programa de asistencia personal dirigida por el consumidor (CDPAP) de Medicaid, usted buscar\u00e1, contratar\u00e1, coordinar\u00e1 y capacitar\u00e1 a su propio asistente personal, que puede ser un familiar, un amigo o un vecino que conozca [&hellip;]<\/p>\n","protected":false},"author":5,"featured_media":0,"parent":0,"menu_order":0,"comment_status":"closed","ping_status":"closed","template":"","meta":{"_genesis_hide_title":false,"_genesis_hide_breadcrumbs":false,"_genesis_hide_singular_image":false,"_genesis_hide_footer_widgets":false,"_genesis_custom_body_class":"","_genesis_custom_post_class":"","_genesis_layout":"","footnotes":""},"class_list":{"0":"post-5639","1":"page","2":"type-page","3":"status-publish","5":"entry"},"_links":{"self":[{"href":"https:\/\/xinconcare.com\/es\/wp-json\/wp\/v2\/pages\/5639\/"}],"collection":[{"href":"https:\/\/xinconcare.com\/es\/wp-json\/wp\/v2\/pages\/"}],"about":[{"href":"https:\/\/xinconcare.com\/es\/wp-json\/wp\/v2\/types\/page\/"}],"author":[{"embeddable":true,"href":"https:\/\/xinconcare.com\/es\/wp-json\/wp\/v2\/users\/5\/"}],"replies":[{"embeddable":true,"href":"https:\/\/xinconcare.com\/es\/wp-json\/wp\/v2\/comments\/?post=5639"}],"version-history":[{"count":5,"href":"https:\/\/xinconcare.com\/es\/wp-json\/wp\/v2\/pages\/5639\/revisions\/"}],"predecessor-version":[{"id":5651,"href":"https:\/\/xinconcare.com\/es\/wp-json\/wp\/v2\/pages\/5639\/revisions\/5651\/"}],"wp:attachment":[{"href":"https:\/\/xinconcare.com\/es\/wp-json\/wp\/v2\/media\/?parent=5639"}],"curies":[{"name":"wp","href":"https:\/\/api.w.org\/{rel}","templated":true}]}}