{"id":5652,"date":"2022-04-12T08:30:45","date_gmt":"2022-04-12T13:30:45","guid":{"rendered":"https:\/\/www.xinconcare.com\/?page_id=5652"},"modified":"2022-04-12T17:25:48","modified_gmt":"2022-04-12T22:25:48","slug":"personal-assistant-faq","status":"publish","type":"page","link":"https:\/\/xinconcare.com\/es\/personal-assistant-faq\/","title":{"rendered":"Personal Assistant FAQ"},"content":{"rendered":"<h1>\n\t\tPREGUNTAS FRECUENTES SOBRE EL CDPAP\n\t<\/h1>\n<h3>\n\t\t Proveedores de asistencia personal &#8211; Xincon\n\t<\/h3>\n\t\t\t<a href=\"#\" id=\"fl-accordion--label-0\" tabindex=\"0\" aria-controls=\"fl-accordion--panel-0\">\u00bfMe pueden pagar por ayudar a mi amigo o ser querido con las actividades en casa?<\/a>\n\t\t\t\t\t\t\t<a href=\"#\" id=\"fl-accordion--icon-0\" tabindex=\"0\" aria-controls=\"fl-accordion--panel-0\"><i>Expand<\/i><\/a>\n\t\t<p>La mayor\u00eda de los familiares pueden ser asistentes personales, y les pueden pagar por dar atenci\u00f3n seg\u00fan el programa CDPAP, salvo (1)\u00a0el c\u00f3nyuge; (2)\u00a0el padre o la madre que cuide a un menor de 21\u00a0a\u00f1os, y (3)\u00a0un representante designado.<\/p>\n\t\t\t<a href=\"#\" id=\"fl-accordion--label-1\" tabindex=\"0\" aria-controls=\"fl-accordion--panel-1\">\u00bfQui\u00e9n pagar\u00e1 mi sueldo?<\/a>\n\t\t\t\t\t\t\t<a href=\"#\" id=\"fl-accordion--icon-1\" tabindex=\"0\" aria-controls=\"fl-accordion--panel-1\"><i>Expand<\/i><\/a>\n\t\t<p>Como intermediaria fiscal autorizada, Xincon es responsable de procesar y pagar los sueldos y beneficios del asistente personal, as\u00ed como todos los impuestos sobre la renta correspondientes y otras retenciones de sueldo obligatorias, incluido el Seguro Social y los impuestos federales, estatales y locales.<\/p>\n\t\t\t<a href=\"#\" id=\"fl-accordion--label-2\" tabindex=\"0\" aria-controls=\"fl-accordion--panel-2\">\u00bfQu\u00e9 es una intermediaria fiscal autorizada, y por qu\u00e9 es necesario elegir una?<\/a>\n\t\t\t\t\t\t\t<a href=\"#\" id=\"fl-accordion--icon-2\" tabindex=\"0\" aria-controls=\"fl-accordion--panel-2\"><i>Expand<\/i><\/a>\n\t\t<p>El Departamento de Salud de Nueva York ha consolidado todas las agencias que prestan servicios de intermediaci\u00f3n fiscal.<\/p>\n<p>Sol\u00eda haber m\u00e1s de 1000\u00a0agencias; ahora, solo hay unas 70 en todo el Estado.<\/p>\n<p>Una agencia aprobada por el Departamento de Salud del Estado de Nueva York se llama \u201cintermediaria fiscal autorizada\u201d.<\/p>\n<p><a href=\"https:\/\/www.health.ny.gov\/funding\/rfo\/20039\/docs\/awardees_names_and_counties.pdf\" target=\"_blank\" rel=\"noopener noreferrer\">Para ver una lista de ntermediarias fiscales autorizadas aprobadas, haga clic aqu\u00ed.<\/a>.<\/p>\n\t\t\t<a href=\"#\" id=\"fl-accordion--label-3\" tabindex=\"0\" aria-controls=\"fl-accordion--panel-3\">\u00bfQu\u00e9 hace que Xincon califique como intermediaria fiscal autorizada?<\/a>\n\t\t\t\t\t\t\t<a href=\"#\" id=\"fl-accordion--icon-3\" tabindex=\"0\" aria-controls=\"fl-accordion--panel-3\"><i>Expand<\/i><\/a>\n\t\t<p>Xincon presta servicios de intermediaci\u00f3n fiscal desde hace tres\u00a0a\u00f1os y ha atendido a m\u00e1s de 600\u00a0consumidores.<\/p>\n<p>Tambi\u00e9n dirigimos nuestra propia agencia de atenci\u00f3n a domicilio (11\u00a0a\u00f1os, 2000\u00a0clientes) y, por lo tanto, estamos bien preparados para supervisar asistentes personales, y garantizar que usted y el suyo reciban el mejor servicio posible.<\/p>\n<p>Xincon fue una de solo 26 intermediarias fiscales autorizadas seleccionadas para prestar servicios en todo el estado de Nueva York.<\/p>\n\t\t\t<a href=\"#\" id=\"fl-accordion--label-4\" tabindex=\"0\" aria-controls=\"fl-accordion--panel-4\">\u00bfPor qu\u00e9 deber\u00eda el consumidor a quien cuido elegir Xincon como intermediaria fiscal autorizada?<\/a>\n\t\t\t\t\t\t\t<a href=\"#\" id=\"fl-accordion--icon-4\" tabindex=\"0\" aria-controls=\"fl-accordion--panel-4\"><i>Expand<\/i><\/a>\n\t\t<p>Xincon est\u00e1 aprobada para prestar servicios en los 62\u00a0condados del Estado de Nueva York.<\/p>\n<p>El sistema de solicitud en l\u00ednea de Xincon permite inscribir asistentes personales de manera eficiente.<\/p>\n<p>Acceso las 24\u00a0horas a un representante de atenci\u00f3n al cliente.<\/p>\n<p>Disponibilidad de una aplicaci\u00f3n m\u00f3vil y de un sistema de asistencia telef\u00f3nica.<\/p>\n<p>Pago semanal puntual con dep\u00f3sito directo y recibos de sueldo electr\u00f3nicos.<\/p>\n<p>Licencia por enfermedad con goce de sueldo, vacaciones pagas y un plan de jubilaci\u00f3n 401a para los asistentes personales.<\/p>\n\t\t\t<a href=\"#\" id=\"fl-accordion--label-5\" tabindex=\"0\" aria-controls=\"fl-accordion--panel-5\">\u00bfQu\u00e9 sucede si mi consumidor ya tiene una intermediaria fiscal?<\/a>\n\t\t\t\t\t\t\t<a href=\"#\" id=\"fl-accordion--icon-5\" tabindex=\"0\" aria-controls=\"fl-accordion--panel-5\"><i>Expand<\/i><\/a>\n\t\t<p>Primero, deber\u00e1 comprobar si la intermediaria fiscal es una intermediaria fiscal autorizada aprobada por el Departamento de Salud del Estado de Nueva York.<\/p>\n<p>Si la intermediaria fiscal de un consumidor no recibi\u00f3 la aprobaci\u00f3n del Estado de Nueva York como intermediaria fiscal autorizada, la agencia deber\u00e1 dejar de prestar servicios de intermediaci\u00f3n fiscal (por ejemplo, pagar su salario).<\/p>\n<p>Es fundamental que todos los consumidores elijan una intermediaria fiscal autorizada antes de que su intermediaria fiscal actual deje de prestar servicios, para asegurarse de que no haya interrupciones en los servicios y los pagos a los consumidores y asistentes personales.<\/p>\n<p>&nbsp;<\/p>\n<h2>\n\t\tMotivos para animar a su consumidor a elegir Xincon como intermediaria fiscal autorizada\n\t<\/h2>\n\t<p><a href=\"tel:1-212-560-9218\" target=\"_blank\" rel=\"noopener noreferrer\">212-560-9218 <\/a><a href=\"#apply\" rel=\"noopener\">Comprobar elegibilidad <\/a><\/p>\n\t<h3>\u00bfC\u00f3mo presento la solicitud?<\/h3>\n<p>Complete este formulario, y un representante de Xincon se comunicar\u00e1 con usted en un plazo de 24\u00a0horas.<\/p>\n                <form method='post' enctype='multipart\/form-data' target='gform_ajax_frame_22' id='gform_22'  action='\/es\/?page_id=5652&#038;fl_builder#gf_22'>\n                        <ul id='gform_fields_22' class='gform_fields top_label form_sublabel_below description_below'><li id='field_22_1'  class='gfield gfield_contains_required field_sublabel_below field_description_below gfield_visibility_visible' ><label class='gfield_label' for='input_22_1' >Nombre*<\/label><input name='input_1' id='input_22_1' type='text' value='' class='large'   tabindex='100'  aria-required=\"true\" aria-invalid=\"false\" \/><\/li><li id='field_22_3'  class='gfield gfield_contains_required field_sublabel_below field_description_below gfield_visibility_visible' ><label class='gfield_label' for='input_22_3' >Tel\u00e9fono*<\/label><input name='input_3' id='input_22_3' type='text' value='' class='large'   tabindex='101'  aria-required=\"true\" aria-invalid=\"false\" \/><\/li><li id='field_22_2'  class='gfield gfield_contains_required field_sublabel_below field_description_below gfield_visibility_visible' ><label class='gfield_label' for='input_22_2' >Correo electr\u00f3nico*<\/label><input name='input_2' id='input_22_2' type='text' value='' class='large'   tabindex='102'  aria-required=\"true\" aria-invalid=\"false\" \/><\/li><li id='field_22_4'  class='gfield field_sublabel_below field_description_below gfield_visibility_visible' ><label class='gfield_label'  >\u00bfEs usted el paciente?<\/label><ul class='gfield_radio' id='input_22_4'><li class='gchoice_22_4_0'><input name='input_4' type='radio' value='Si'  id='choice_22_4_0' tabindex='103'   \/><label for='choice_22_4_0' id='label_22_4_0'>Si<\/label><\/li><li class='gchoice_22_4_1'><input name='input_4' type='radio' value='No'  id='choice_22_4_1' tabindex='104'   \/><label for='choice_22_4_1' id='label_22_4_1'>No<\/label><\/li><\/ul><\/li><li id='field_22_5'  class='gfield field_sublabel_below field_description_below gfield_visibility_visible' ><label class='gfield_label'  >\u00bfEs usted residente del estado de Nueva York?<\/label><ul class='gfield_radio' id='input_22_5'><li class='gchoice_22_5_0'><input name='input_5' type='radio' value='Si'  id='choice_22_5_0' tabindex='105'   \/><label for='choice_22_5_0' id='label_22_5_0'>Si<\/label><\/li><li class='gchoice_22_5_1'><input name='input_5' type='radio' value='No'  id='choice_22_5_1' tabindex='106'   \/><label for='choice_22_5_1' id='label_22_5_1'>No<\/label><\/li><\/ul><\/li><li id='field_22_6'  class='gfield field_sublabel_below field_description_below gfield_visibility_visible' ><label class='gfield_label'  >\u00bfEst\u00e1 usted inscrito en Medicaid?<\/label><ul class='gfield_radio' id='input_22_6'><li class='gchoice_22_6_0'><input name='input_6' type='radio' value='Si'  id='choice_22_6_0' tabindex='107'   \/><label for='choice_22_6_0' id='label_22_6_0'>Si<\/label><\/li><li class='gchoice_22_6_1'><input name='input_6' type='radio' value='No'  id='choice_22_6_1' tabindex='108'   \/><label for='choice_22_6_1' id='label_22_6_1'>No<\/label><\/li><li class='gchoice_22_6_2'><input name='input_6' type='radio' value='No s\u00e9'  id='choice_22_6_2' tabindex='109'   \/><label for='choice_22_6_2' id='label_22_6_2'>No s\u00e9<\/label><\/li><\/ul><\/li>\n                            <\/ul>\n         <input type='submit' id='gform_submit_button_22' class='gform_button button' value='Submit' tabindex='110' onclick='if(window[\"gf_submitting_22\"]){return false;}  if( !jQuery(\"#gform_22\")[0].checkValidity || jQuery(\"#gform_22\")[0].checkValidity()){window[\"gf_submitting_22\"]=true;}  ' onkeypress='if( event.keyCode == 13 ){ if(window[\"gf_submitting_22\"]){return false;} if( !jQuery(\"#gform_22\")[0].checkValidity || jQuery(\"#gform_22\")[0].checkValidity()){window[\"gf_submitting_22\"]=true;}  jQuery(\"#gform_22\").trigger(\"submit\",[true]); }' \/> <input type='hidden' name='gform_ajax' value='form_id=22&amp;title=&amp;description=1&amp;tabindex=100' \/>\n            <input type='hidden' class='gform_hidden' name='is_submit_22' value='1' \/>\n            <input type='hidden' class='gform_hidden' name='gform_submit' value='22' \/>\n            <input type='hidden' class='gform_hidden' name='gform_unique_id' value='' \/>\n            <input type='hidden' class='gform_hidden' name='state_22' value='WyJbXSIsIjI2NmNlZjJjMjg4OGM0ZmZhYTJjNGU5OGJlZWQ3MmFmIl0=' \/>\n            <input type='hidden' class='gform_hidden' name='gform_target_page_number_22' id='gform_target_page_number_22' value='0' \/>\n            <input type='hidden' class='gform_hidden' name='gform_source_page_number_22' id='gform_source_page_number_22' value='1' \/>\n            <input type='hidden' name='gform_field_values' value='' \/>\n                        <\/form>\n                <iframe style='display:none;width:0px;height:0px;' src='about:blank' name='gform_ajax_frame_22' id='gform_ajax_frame_22' title='Este iframe contiene la l\u00f3gica necesaria para gestionar formularios con ajax activado.'><\/iframe>\n","protected":false},"excerpt":{"rendered":"<p>PREGUNTAS FRECUENTES SOBRE EL CDPAP Proveedores de asistencia personal &#8211; Xincon \u00bfMe pueden pagar por ayudar a mi amigo o ser querido con las actividades en casa? Expand La mayor\u00eda de los familiares pueden ser asistentes personales, y les pueden pagar por dar atenci\u00f3n seg\u00fan el programa CDPAP, salvo (1)\u00a0el c\u00f3nyuge; (2)\u00a0el padre o la [&hellip;]<\/p>\n","protected":false},"author":2,"featured_media":0,"parent":0,"menu_order":0,"comment_status":"closed","ping_status":"closed","template":"","meta":{"_genesis_hide_title":false,"_genesis_hide_breadcrumbs":false,"_genesis_hide_singular_image":false,"_genesis_hide_footer_widgets":false,"_genesis_custom_body_class":"","_genesis_custom_post_class":"","_genesis_layout":"","footnotes":""},"class_list":{"0":"post-5652","1":"page","2":"type-page","3":"status-publish","5":"entry"},"_links":{"self":[{"href":"https:\/\/xinconcare.com\/es\/wp-json\/wp\/v2\/pages\/5652\/"}],"collection":[{"href":"https:\/\/xinconcare.com\/es\/wp-json\/wp\/v2\/pages\/"}],"about":[{"href":"https:\/\/xinconcare.com\/es\/wp-json\/wp\/v2\/types\/page\/"}],"author":[{"embeddable":true,"href":"https:\/\/xinconcare.com\/es\/wp-json\/wp\/v2\/users\/2\/"}],"replies":[{"embeddable":true,"href":"https:\/\/xinconcare.com\/es\/wp-json\/wp\/v2\/comments\/?post=5652"}],"version-history":[{"count":6,"href":"https:\/\/xinconcare.com\/es\/wp-json\/wp\/v2\/pages\/5652\/revisions\/"}],"predecessor-version":[{"id":5658,"href":"https:\/\/xinconcare.com\/es\/wp-json\/wp\/v2\/pages\/5652\/revisions\/5658\/"}],"wp:attachment":[{"href":"https:\/\/xinconcare.com\/es\/wp-json\/wp\/v2\/media\/?parent=5652"}],"curies":[{"name":"wp","href":"https:\/\/api.w.org\/{rel}","templated":true}]}}