{"id":5837,"date":"2023-04-26T16:49:26","date_gmt":"2023-04-26T20:49:26","guid":{"rendered":"https:\/\/www.xinconcare.com\/?page_id=5837"},"modified":"2023-04-26T16:49:26","modified_gmt":"2023-04-26T20:49:26","slug":"mltc","status":"publish","type":"page","link":"https:\/\/xinconcare.com\/es\/mltc\/","title":{"rendered":"Managed Long Term Care (MLTC)"},"content":{"rendered":"\n\n\t\t\t\t<img loading=\"lazy\" decoding=\"async\" src=\"https:\/\/www.xinconcare.com\/wp-content\/uploads\/2019\/01\/1600-hero-nursing.jpg\" alt=\"Nursing - Xincon Home Health Care Services\" itemprop=\"image\" height=\"420\" width=\"1600\" title=\"1600-hero-nursing\" onerror=\"this.style.display='none'\"  \/>\n\t<h1>El Programa de Atenci\u00f3n a Largo Plazo Gestionado de la Ciudad de Nueva York (MLTC, por sus siglas en ingl\u00e9s)<\/h1>\n\t<a href=\"https:\/\/www.xinconcare.com\/enroll\/\" rel=\"noopener\">Enroll Today <\/a>\n\t<h2 id=\"nursing\">El Programa de Atenci\u00f3n a Largo Plazo Gestionado de la Ciudad de Nueva York (MLTC, por sus siglas en ingl\u00e9s)<\/h2>\n<p><strong>El Programa de Atenci\u00f3n a Largo Plazo Gestionado de la Ciudad de Nueva York (MLTC, por sus siglas en ingl\u00e9s)<\/strong> es un programa que ayuda a personas mayores y discapacitadas a recibir servicios de atenci\u00f3n a largo plazo en sus hogares o comunidades en lugar de en instituciones. El programa est\u00e1 dise\u00f1ado para proporcionar atenci\u00f3n completa y asequible a aquellos que requieren asistencia con actividades diarias como ba\u00f1arse, vestirse y preparar comidas.<\/p>\n<p><strong>Xincon Home Health Care<\/strong> es una agencia de atenci\u00f3n domiciliaria de confianza que puede ayudar a las personas a solicitar servicios de MLTC. Su equipo de profesionales experimentados puede guiar a las personas a trav\u00e9s del proceso de solicitud y brindar apoyo continuo seg\u00fan sea necesario.<\/p>\n<p>Si usted o un ser querido requiere servicios de atenci\u00f3n a largo plazo en la ciudad de Nueva York, MLTC puede ser una opci\u00f3n que vale la pena considerar. Con la ayuda de Xincon Home Health Care, las personas pueden acceder a la atenci\u00f3n que necesitan para vivir c\u00f3modamente en sus hogares y comunidades mientras mantienen su independencia y dignidad.<\/p>\n\n","protected":false},"excerpt":{"rendered":"<p>El Programa de Atenci\u00f3n a Largo Plazo Gestionado de la Ciudad de Nueva York (MLTC, por sus siglas en ingl\u00e9s) Enroll Today El Programa de Atenci\u00f3n a Largo Plazo Gestionado de la Ciudad de Nueva York (MLTC, por sus siglas en ingl\u00e9s) El Programa de Atenci\u00f3n a Largo Plazo Gestionado de la Ciudad de Nueva [&hellip;]<\/p>\n","protected":false},"author":5,"featured_media":0,"parent":0,"menu_order":210,"comment_status":"closed","ping_status":"closed","template":"","meta":{"_genesis_hide_title":false,"_genesis_hide_breadcrumbs":false,"_genesis_hide_singular_image":false,"_genesis_hide_footer_widgets":false,"_genesis_custom_body_class":"","_genesis_custom_post_class":"","_genesis_layout":"","footnotes":""},"class_list":{"0":"post-5837","1":"page","2":"type-page","3":"status-publish","5":"entry"},"_links":{"self":[{"href":"https:\/\/xinconcare.com\/es\/wp-json\/wp\/v2\/pages\/5837\/"}],"collection":[{"href":"https:\/\/xinconcare.com\/es\/wp-json\/wp\/v2\/pages\/"}],"about":[{"href":"https:\/\/xinconcare.com\/es\/wp-json\/wp\/v2\/types\/page\/"}],"author":[{"embeddable":true,"href":"https:\/\/xinconcare.com\/es\/wp-json\/wp\/v2\/users\/5\/"}],"replies":[{"embeddable":true,"href":"https:\/\/xinconcare.com\/es\/wp-json\/wp\/v2\/comments\/?post=5837"}],"version-history":[{"count":3,"href":"https:\/\/xinconcare.com\/es\/wp-json\/wp\/v2\/pages\/5837\/revisions\/"}],"predecessor-version":[{"id":5847,"href":"https:\/\/xinconcare.com\/es\/wp-json\/wp\/v2\/pages\/5837\/revisions\/5847\/"}],"wp:attachment":[{"href":"https:\/\/xinconcare.com\/es\/wp-json\/wp\/v2\/media\/?parent=5837"}],"curies":[{"name":"wp","href":"https:\/\/api.w.org\/{rel}","templated":true}]}}